{"id":7036,"date":"2023-02-22T15:53:26","date_gmt":"2023-02-22T15:53:26","guid":{"rendered":"https:\/\/www.meddimueller.de\/?post_type=product&#038;p=7036"},"modified":"2023-02-22T15:54:05","modified_gmt":"2023-02-22T15:54:05","slug":"und-ihr-denkt-es-ist-alles-in-ordnung","status":"publish","type":"product","link":"https:\/\/www.meddimueller.de\/?product=und-ihr-denkt-es-ist-alles-in-ordnung","title":{"rendered":"Und Ihr denkt, es ist alles in Ordnung?"},"content":{"rendered":"<p>In rund 30 Jahren im Einsatz bei der Feuerwehr und im Rettungsdienst erlebt man vieles mit \u2013 von der obligatorischen Katze im Baum bis zu Gro\u00dfbr\u00e4nden und dem tagt\u00e4glichen Umgang mit dem Tod. Nicht alles ist spektakul\u00e4r, vieles ist Routine, aber zu berichten gibt es so einiges. In diesem Buch erz\u00e4hlt Meddi M\u00fcller authentisch und ungesch\u00f6nt, was ein Mensch alles in seinem Berufsleben ertragen kann. In den letzten Jahren h\u00e4ufen sich die Angriffe auf Einsatzkr\u00e4fte, und Beschimpfungen sind an der Tagesordnung. Der Feuerwehr und dem Rettungsdienst wird das Arbeiten oft unn\u00f6tig schwer gemacht. Immer wenn Sie denken, Sie haben alles gesehen, kommt jemand und setzt die Kirsche obendrauf. Schlimmer geht immer. Doch auch Hilflosigkeit, Naivit\u00e4t, gesellschaftliche Ignoranz und das Elend der Opfer des Systems sind Dinge, mit denen man als Profi-Retter klarkommen muss. Dabei bleibt nicht alles in der Uniform stecken, sondern begleitet die Helfenden oft ein Leben lang. Meddi M\u00fcller nimmt Sie mit in seinen Arbeitsalltag als Berufsfeuerwehrmann, l\u00e4sst Sie Eins\u00e4tze hautnah erleben und r\u00e4umt mit dem ein oder anderen Mythos aus dem Rettungsdienst auf.<\/p>\n<p>&nbsp;<\/p>\n<h3><strong><span style=\"color: #ff0000;\">Das Buch erscheint am 6.3.2023<\/span><\/strong><\/h3>\n","protected":false},"excerpt":{"rendered":"<p>In rund 30 Jahren im Einsatz bei der Feuerwehr und im Rettungsdienst erlebt man vieles mit \u2013 von der obligatorischen Katze im Baum bis zu Gro\u00dfbr\u00e4nden und dem tagt\u00e4glichen Umgang mit dem Tod.<\/p>\n","protected":false},"featured_media":7037,"comment_status":"closed","ping_status":"closed","template":"","meta":{"saved_in_kubio":false,"_monsterinsights_skip_tracking":false,"_monsterinsights_sitenote_active":false,"_monsterinsights_sitenote_note":"","_monsterinsights_sitenote_category":0},"product_brand":[],"product_cat":[161,173,151],"product_tag":[175,174,176,178,179,180,177],"class_list":{"0":"post-7036","1":"product","2":"type-product","3":"status-publish","4":"has-post-thumbnail","6":"product_cat-abenteuer","7":"product_cat-biografie","8":"product_cat-buecher","9":"product_tag-biografie","10":"product_tag-buch","11":"product_tag-feuerwehr","12":"product_tag-leben","13":"product_tag-real-world","14":"product_tag-reality","15":"product_tag-wahre-geschichten","16":"product_shipping_class-taschenbuch","18":"first","19":"instock","20":"shipping-taxable","21":"purchasable","22":"product-type-simple"},"aioseo_notices":[],"_links":{"self":[{"href":"https:\/\/www.meddimueller.de\/index.php?rest_route=\/wp\/v2\/product\/7036","targetHints":{"allow":["GET"]}}],"collection":[{"href":"https:\/\/www.meddimueller.de\/index.php?rest_route=\/wp\/v2\/product"}],"about":[{"href":"https:\/\/www.meddimueller.de\/index.php?rest_route=\/wp\/v2\/types\/product"}],"replies":[{"embeddable":true,"href":"https:\/\/www.meddimueller.de\/index.php?rest_route=%2Fwp%2Fv2%2Fcomments&post=7036"}],"wp:featuredmedia":[{"embeddable":true,"href":"https:\/\/www.meddimueller.de\/index.php?rest_route=\/wp\/v2\/media\/7037"}],"wp:attachment":[{"href":"https:\/\/www.meddimueller.de\/index.php?rest_route=%2Fwp%2Fv2%2Fmedia&parent=7036"}],"wp:term":[{"taxonomy":"product_brand","embeddable":true,"href":"https:\/\/www.meddimueller.de\/index.php?rest_route=%2Fwp%2Fv2%2Fproduct_brand&post=7036"},{"taxonomy":"product_cat","embeddable":true,"href":"https:\/\/www.meddimueller.de\/index.php?rest_route=%2Fwp%2Fv2%2Fproduct_cat&post=7036"},{"taxonomy":"product_tag","embeddable":true,"href":"https:\/\/www.meddimueller.de\/index.php?rest_route=%2Fwp%2Fv2%2Fproduct_tag&post=7036"}],"curies":[{"name":"wp","href":"https:\/\/api.w.org\/{rel}","templated":true}]}}