{"id":6984,"date":"2022-10-23T10:15:13","date_gmt":"2022-10-23T10:15:13","guid":{"rendered":"https:\/\/www.meddimueller.de\/?post_type=product&#038;p=6984"},"modified":"2022-10-25T05:44:42","modified_gmt":"2022-10-25T05:44:42","slug":"ein-viertelstuendchen-frankfurt-band-4-taschenbuch","status":"publish","type":"product","link":"https:\/\/www.meddimueller.de\/?product=ein-viertelstuendchen-frankfurt-band-4-taschenbuch","title":{"rendered":"Ein Viertelst\u00fcndchen Frankfurt &#8211; Band 4 (Taschenbuch)"},"content":{"rendered":"<p>Frankfurt ist bekannt f\u00fcr sein Bahnhofsviertel, f\u00fcr seinen Fu\u00dfballclub, seine Rivalit\u00e4t zur Nachbarstadt und seine Gr\u00fcne So\u00dfe. Aber auch f\u00fcr seine hervorragende Literatur. In diesem Sinne machen wir die Stunde voll mit dem vierten Band von \u00bbEin Viertelst\u00fcndchen Frankfurt\u00ab. Erneut finden Sie eine prominente Auswahl hervorragender Autor:innen aus dem Rhein-Main-Gebiet in einem Buch vereint. Eine bunte Mischung voller Kreativit\u00e4t, gepaart mit interessantem Hintergrundwissen zu der Stadt im Herzen Europas. Von Krimi \u00fcber Geschichtliches bis zu Fantasy und spannender Unterhaltung ist in diesem Buch f\u00fcr jeden Geschmack etwas dabei. Alle Geschichten sind in altbekannter Tradition bequem innerhalb einer Viertelstunde zu lesen. Mit Beitr\u00e4gen von Meddi M\u00fcller, Oliver Baier, Thorsten Fiedler, Susanne Reichert, Tim Fr\u00fchling, Andreas Heinzel, Andrea Habeney, Esther Schmidt, Franziska Franz und Peter Luyendyk.<\/p>\n<p>Artikel ist jederzeit nachbestellbar.<\/p>\n","protected":false},"excerpt":{"rendered":"<p>Frankfurt ist bekannt f\u00fcr sein Bahnhofsviertel, f\u00fcr seinen Fu\u00dfballclub, seine Rivalit\u00e4t zur Nachbarstadt und seine Gr\u00fcne So\u00dfe. Aber auch f\u00fcr seine hervorragende Literatur. In diesem Sinne machen wir die Stunde voll mit dem vierten Band von \u00bbEin Viertelst\u00fcndchen Frankfurt\u00ab. Erneut finden Sie eine prominente Auswahl hervorragender Autor:innen aus dem Rhein-Main-Gebiet [&hellip;]<\/p>\n","protected":false},"featured_media":6734,"comment_status":"closed","ping_status":"closed","template":"","meta":{"saved_in_kubio":false,"_monsterinsights_skip_tracking":false,"_monsterinsights_sitenote_active":false,"_monsterinsights_sitenote_note":"","_monsterinsights_sitenote_category":0},"product_brand":[],"product_cat":[153,151,132],"product_tag":[154,163,128,155],"class_list":{"0":"post-6984","1":"product","2":"type-product","3":"status-publish","4":"has-post-thumbnail","6":"product_cat-anthologien","7":"product_cat-buecher","8":"product_cat-kurzgeschichten","9":"product_tag-anthologien","10":"product_tag-frankfurt","11":"product_tag-kurzgeschichten","12":"product_tag-sammlung","13":"product_shipping_class-taschenbuch","15":"first","16":"instock","17":"purchasable","18":"product-type-simple"},"aioseo_notices":[],"_links":{"self":[{"href":"https:\/\/www.meddimueller.de\/index.php?rest_route=\/wp\/v2\/product\/6984","targetHints":{"allow":["GET"]}}],"collection":[{"href":"https:\/\/www.meddimueller.de\/index.php?rest_route=\/wp\/v2\/product"}],"about":[{"href":"https:\/\/www.meddimueller.de\/index.php?rest_route=\/wp\/v2\/types\/product"}],"replies":[{"embeddable":true,"href":"https:\/\/www.meddimueller.de\/index.php?rest_route=%2Fwp%2Fv2%2Fcomments&post=6984"}],"wp:featuredmedia":[{"embeddable":true,"href":"https:\/\/www.meddimueller.de\/index.php?rest_route=\/wp\/v2\/media\/6734"}],"wp:attachment":[{"href":"https:\/\/www.meddimueller.de\/index.php?rest_route=%2Fwp%2Fv2%2Fmedia&parent=6984"}],"wp:term":[{"taxonomy":"product_brand","embeddable":true,"href":"https:\/\/www.meddimueller.de\/index.php?rest_route=%2Fwp%2Fv2%2Fproduct_brand&post=6984"},{"taxonomy":"product_cat","embeddable":true,"href":"https:\/\/www.meddimueller.de\/index.php?rest_route=%2Fwp%2Fv2%2Fproduct_cat&post=6984"},{"taxonomy":"product_tag","embeddable":true,"href":"https:\/\/www.meddimueller.de\/index.php?rest_route=%2Fwp%2Fv2%2Fproduct_tag&post=6984"}],"curies":[{"name":"wp","href":"https:\/\/api.w.org\/{rel}","templated":true}]}}