{"id":6982,"date":"2022-10-23T10:10:20","date_gmt":"2022-10-23T10:10:20","guid":{"rendered":"https:\/\/www.meddimueller.de\/?post_type=product&#038;p=6982"},"modified":"2022-10-25T05:45:06","modified_gmt":"2022-10-25T05:45:06","slug":"ein-viertelstuendchen-frankfurt-band-3-taschenbuch","status":"publish","type":"product","link":"https:\/\/www.meddimueller.de\/?product=ein-viertelstuendchen-frankfurt-band-3-taschenbuch","title":{"rendered":"Ein Viertelst\u00fcndchen Frankfurt &#8211; Band 3 (Taschenbuch)"},"content":{"rendered":"<p>Warum man besser zum Augenarzt geht, bevor man seine Liebe am Eisernen Steg beendet, wei\u00df Iris R\u00f6sner, weshalb eine Radtour um Frankfurt eine wunderbare Idee ist, erf\u00e4hrt man von Andreas Heinzel und wieso Frankfurt einen neuen K\u00f6nig ben\u00f6tigt, wei\u00df Meddi M\u00fcller. Woher die Stra\u00dfen ihre Namen haben, erkl\u00e4rt Tim Fr\u00fchling und wie hart umk\u00e4mpft der Frankfurter Wohnungsmarkt ist, erz\u00e4hlen uns Ivonne Keller und Daniel Holbe in ihrer Geschichte. Susanne Reichert l\u00f6st endlich das Nilgans-Problem und Eva Lirot zeigt uns, wie ein Auftragskiller seiner Arbeit nachgeht. Ralf Schwob bejubelt nochmal den Pokal und Lutz Ullrich erkl\u00e4rt uns, warum eine Tiefk\u00fchltruhe nicht immer die beste Wahl ist. Zwischen all dem erfahren Sie Wissenswertes und Erstaunliches \u00fcber unsere wunderbare Stadt am Main.<\/p>\n<p>Eine Menge Stoff, denken Sie? Das packe ich nie! Kein Problem &#8230; alle Texte sind innerhalb einer Viertelstunde lesbar und es fehlt dabei an nichts.<\/p>\n<p>Ein Buch, das von Frankfurtern f\u00fcr Frankfurter und welche, die gerne Frankfurter sein wollen, geschrieben wurde oder f\u00fcr diejenigen, die ihren Freunden und Verwandten Frankfurt ein kleines St\u00fcckchen n\u00e4her bringen m\u00f6chten.<\/p>\n<p>Artikel ist jederzeit nachbestellbar.<\/p>\n","protected":false},"excerpt":{"rendered":"<p>Warum man besser zum Augenarzt geht, bevor man seine Liebe am Eisernen Steg beendet, wei\u00df Iris R\u00f6sner, weshalb eine Radtour um Frankfurt eine wunderbare Idee ist, erf\u00e4hrt man von Andreas Heinzel und wieso Frankfurt einen neuen K\u00f6nig ben\u00f6tigt, wei\u00df Meddi M\u00fcller. Woher die Stra\u00dfen ihre Namen haben, erkl\u00e4rt Tim Fr\u00fchling [&hellip;]<\/p>\n","protected":false},"featured_media":6983,"comment_status":"closed","ping_status":"closed","template":"","meta":{"saved_in_kubio":false,"_monsterinsights_skip_tracking":false,"_monsterinsights_sitenote_active":false,"_monsterinsights_sitenote_note":"","_monsterinsights_sitenote_category":0},"product_brand":[],"product_cat":[153,151,132],"product_tag":[154,163,128,155],"class_list":{"0":"post-6982","1":"product","2":"type-product","3":"status-publish","4":"has-post-thumbnail","6":"product_cat-anthologien","7":"product_cat-buecher","8":"product_cat-kurzgeschichten","9":"product_tag-anthologien","10":"product_tag-frankfurt","11":"product_tag-kurzgeschichten","12":"product_tag-sammlung","13":"product_shipping_class-taschenbuch","15":"first","16":"instock","17":"purchasable","18":"product-type-simple"},"aioseo_notices":[],"_links":{"self":[{"href":"https:\/\/www.meddimueller.de\/index.php?rest_route=\/wp\/v2\/product\/6982","targetHints":{"allow":["GET"]}}],"collection":[{"href":"https:\/\/www.meddimueller.de\/index.php?rest_route=\/wp\/v2\/product"}],"about":[{"href":"https:\/\/www.meddimueller.de\/index.php?rest_route=\/wp\/v2\/types\/product"}],"replies":[{"embeddable":true,"href":"https:\/\/www.meddimueller.de\/index.php?rest_route=%2Fwp%2Fv2%2Fcomments&post=6982"}],"wp:featuredmedia":[{"embeddable":true,"href":"https:\/\/www.meddimueller.de\/index.php?rest_route=\/wp\/v2\/media\/6983"}],"wp:attachment":[{"href":"https:\/\/www.meddimueller.de\/index.php?rest_route=%2Fwp%2Fv2%2Fmedia&parent=6982"}],"wp:term":[{"taxonomy":"product_brand","embeddable":true,"href":"https:\/\/www.meddimueller.de\/index.php?rest_route=%2Fwp%2Fv2%2Fproduct_brand&post=6982"},{"taxonomy":"product_cat","embeddable":true,"href":"https:\/\/www.meddimueller.de\/index.php?rest_route=%2Fwp%2Fv2%2Fproduct_cat&post=6982"},{"taxonomy":"product_tag","embeddable":true,"href":"https:\/\/www.meddimueller.de\/index.php?rest_route=%2Fwp%2Fv2%2Fproduct_tag&post=6982"}],"curies":[{"name":"wp","href":"https:\/\/api.w.org\/{rel}","templated":true}]}}