{"id":6974,"date":"2022-10-23T09:57:50","date_gmt":"2022-10-23T09:57:50","guid":{"rendered":"https:\/\/www.meddimueller.de\/?post_type=product&#038;p=6974"},"modified":"2022-10-25T05:52:14","modified_gmt":"2022-10-25T05:52:14","slug":"fahrgemeinschaft","status":"publish","type":"product","link":"https:\/\/www.meddimueller.de\/?product=fahrgemeinschaft","title":{"rendered":"Fahrgemeinschaft"},"content":{"rendered":"<p>Eine Obdachlose wird am Mainufer tot aufgefunden. In der Frankfurter Polizei will man den Fall schnell zu den Akten legen, da die Kapazit\u00e4ten knapp sind und man den Tod als selbstverschuldet ansieht. Allein die Kommissarin Sabine Grotewohl will diese Gleichg\u00fcltigkeit nicht hinnehmen. Sie hat berechtigte Zweifel an einem Unfalltod der Frau und \u00fcberzeugt schnell auch ihren Partner Christian K\u00f6hler von der Theorie. Schon bald wird ihr Verdacht best\u00e4tigt: Die unbekannte Frau wurde ermordet. Es stellt sich heraus, dass die Ermordete aus gutem Hause stammt und ihr Tod dem einen oder anderen Familienmitglied gar nicht so ungelegen kommt. Shaft und Grotte ermitteln in ihrem zweiten Fall in den h\u00f6chsten Kreisen und stechen damit in ein Wespennest aus Eifersucht, Gier und Intrigen.<\/p>\n<p>&nbsp;<\/p>\n<p>Band 3 von 3 aus der Grotte und Shaft Reihe<\/p>\n","protected":false},"excerpt":{"rendered":"<p>Eine Obdachlose wird am Mainufer tot aufgefunden. In der Frankfurter Polizei will man den Fall schnell zu den Akten legen, da die Kapazit\u00e4ten knapp sind und man den Tod als selbstverschuldet ansieht. Allein die Kommissarin Sabine Grotewohl will diese Gleichg\u00fcltigkeit nicht hinnehmen. Sie hat berechtigte Zweifel an einem Unfalltod der Frau und \u00fcberzeugt schnell auch ihren Partner Christian K\u00f6hler von [&hellip;]<\/p>\n","protected":false},"featured_media":6549,"comment_status":"closed","ping_status":"closed","template":"","meta":{"saved_in_kubio":false,"_monsterinsights_skip_tracking":false,"_monsterinsights_sitenote_active":false,"_monsterinsights_sitenote_note":"","_monsterinsights_sitenote_category":0},"product_brand":[],"product_cat":[151,150,160],"product_tag":[163,130,158],"class_list":{"0":"post-6974","1":"product","2":"type-product","3":"status-publish","4":"has-post-thumbnail","6":"product_cat-buecher","7":"product_cat-krimi","8":"product_cat-roman","9":"product_tag-frankfurt","10":"product_tag-krimi","11":"product_tag-roman","12":"product_shipping_class-taschenbuch","14":"first","15":"instock","16":"purchasable","17":"product-type-simple"},"aioseo_notices":[],"_links":{"self":[{"href":"https:\/\/www.meddimueller.de\/index.php?rest_route=\/wp\/v2\/product\/6974","targetHints":{"allow":["GET"]}}],"collection":[{"href":"https:\/\/www.meddimueller.de\/index.php?rest_route=\/wp\/v2\/product"}],"about":[{"href":"https:\/\/www.meddimueller.de\/index.php?rest_route=\/wp\/v2\/types\/product"}],"replies":[{"embeddable":true,"href":"https:\/\/www.meddimueller.de\/index.php?rest_route=%2Fwp%2Fv2%2Fcomments&post=6974"}],"wp:featuredmedia":[{"embeddable":true,"href":"https:\/\/www.meddimueller.de\/index.php?rest_route=\/wp\/v2\/media\/6549"}],"wp:attachment":[{"href":"https:\/\/www.meddimueller.de\/index.php?rest_route=%2Fwp%2Fv2%2Fmedia&parent=6974"}],"wp:term":[{"taxonomy":"product_brand","embeddable":true,"href":"https:\/\/www.meddimueller.de\/index.php?rest_route=%2Fwp%2Fv2%2Fproduct_brand&post=6974"},{"taxonomy":"product_cat","embeddable":true,"href":"https:\/\/www.meddimueller.de\/index.php?rest_route=%2Fwp%2Fv2%2Fproduct_cat&post=6974"},{"taxonomy":"product_tag","embeddable":true,"href":"https:\/\/www.meddimueller.de\/index.php?rest_route=%2Fwp%2Fv2%2Fproduct_tag&post=6974"}],"curies":[{"name":"wp","href":"https:\/\/api.w.org\/{rel}","templated":true}]}}