{"id":6973,"date":"2022-10-23T09:54:54","date_gmt":"2022-10-23T09:54:54","guid":{"rendered":"https:\/\/www.meddimueller.de\/?post_type=product&#038;p=6973"},"modified":"2024-08-04T19:18:44","modified_gmt":"2024-08-04T19:18:44","slug":"schweinebande","status":"publish","type":"product","link":"https:\/\/www.meddimueller.de\/?product=schweinebande","title":{"rendered":"Schweinebande"},"content":{"rendered":"<p>Ein Ehepaar wird tot im Geb\u00fcsch vor ihrem Haus in der Frankfurter Nordweststadt gefunden. Auf den Bildern einer \u00dcberwachungskamera aus der besorgten Nachbarschaft ist deutlich eine Person zu erkennen, die beide vom Balkon wirft.<\/p>\n<p>Christian K\u00f6hler, Spitzname Shaft, und Sabine Grotewohl, genannt Grotte, \u00fcbernehmen die Ermittlungen. Was machte den Staplerfahrer einer Gro\u00dfmetzgerei so gef\u00e4hrlich, dass man ihn und seine Frau ermordet? Und warum verh\u00e4lt sich sein Chef so merkw\u00fcrdig? Was am Anfang aussah wie ein einfacher Mord, entpuppt sich als gro\u00dfer Fall &#8211; der Shaft und Grotte an ihre Grenzen bringt.<\/p>\n<p>&nbsp;<\/p>\n<p>Band 1 von 3 aus der Grotte &amp; Shaft Reihe<\/p>\n","protected":false},"excerpt":{"rendered":"<p>Ein Ehepaar wird tot im Geb\u00fcsch vor ihrem Haus in der Frankfurter Nordweststadt gefunden. Auf den Bildern einer \u00dcberwachungskamera aus der besorgten Nachbarschaft ist deutlich eine Person zu erkennen, die beide vom Balkon wirft. Christian K\u00f6hler, Spitzname Shaft, und Sabine Grotewohl, genannt Grotte, \u00fcbernehmen die Ermittlungen. Was machte den Staplerfahrer [&hellip;]<\/p>\n","protected":false},"featured_media":6229,"comment_status":"closed","ping_status":"closed","template":"","meta":{"saved_in_kubio":false,"_monsterinsights_skip_tracking":false,"_monsterinsights_sitenote_active":false,"_monsterinsights_sitenote_note":"","_monsterinsights_sitenote_category":0},"product_brand":[],"product_cat":[151,150,160],"product_tag":[163,130,129,158],"class_list":{"0":"post-6973","1":"product","2":"type-product","3":"status-publish","4":"has-post-thumbnail","6":"product_cat-buecher","7":"product_cat-krimi","8":"product_cat-roman","9":"product_tag-frankfurt","10":"product_tag-krimi","11":"product_tag-leiche","12":"product_tag-roman","13":"product_shipping_class-taschenbuch","15":"first","16":"instock","17":"purchasable","18":"product-type-simple"},"aioseo_notices":[],"_links":{"self":[{"href":"https:\/\/www.meddimueller.de\/index.php?rest_route=\/wp\/v2\/product\/6973","targetHints":{"allow":["GET"]}}],"collection":[{"href":"https:\/\/www.meddimueller.de\/index.php?rest_route=\/wp\/v2\/product"}],"about":[{"href":"https:\/\/www.meddimueller.de\/index.php?rest_route=\/wp\/v2\/types\/product"}],"replies":[{"embeddable":true,"href":"https:\/\/www.meddimueller.de\/index.php?rest_route=%2Fwp%2Fv2%2Fcomments&post=6973"}],"wp:featuredmedia":[{"embeddable":true,"href":"https:\/\/www.meddimueller.de\/index.php?rest_route=\/wp\/v2\/media\/6229"}],"wp:attachment":[{"href":"https:\/\/www.meddimueller.de\/index.php?rest_route=%2Fwp%2Fv2%2Fmedia&parent=6973"}],"wp:term":[{"taxonomy":"product_brand","embeddable":true,"href":"https:\/\/www.meddimueller.de\/index.php?rest_route=%2Fwp%2Fv2%2Fproduct_brand&post=6973"},{"taxonomy":"product_cat","embeddable":true,"href":"https:\/\/www.meddimueller.de\/index.php?rest_route=%2Fwp%2Fv2%2Fproduct_cat&post=6973"},{"taxonomy":"product_tag","embeddable":true,"href":"https:\/\/www.meddimueller.de\/index.php?rest_route=%2Fwp%2Fv2%2Fproduct_tag&post=6973"}],"curies":[{"name":"wp","href":"https:\/\/api.w.org\/{rel}","templated":true}]}}