{"id":6962,"date":"2022-10-22T02:50:30","date_gmt":"2022-10-22T02:50:30","guid":{"rendered":"https:\/\/www.meddimueller.de\/?post_type=product&#038;p=6962"},"modified":"2023-04-18T13:26:42","modified_gmt":"2023-04-18T13:26:42","slug":"reiterhof","status":"publish","type":"product","link":"https:\/\/www.meddimueller.de\/?product=reiterhof","title":{"rendered":"Reiterhof"},"content":{"rendered":"<p>Der junge Pferdewirt Peter Freiwald wird vermisst. Auf Dr\u00e4ngen ihres Vorgesetzten, der dem Wachleiter in Bergen-Enkheim noch einen Gefallen schuldet, \u00fcbernehmen Shaft und Grotte unter Protest den Fall.<br \/>\nSchnell weisen die Indizien darauf hin, dass Peter Freiwald schon l\u00e4ngst unfreiwillig aus dem Leben geschieden ist. Grotte und Shaft sto\u00dfen auf ein Geflecht aus L\u00fcgen, Intrigen, Eifersucht und Manipulation. Doch zu einem Mord fehlt ein entscheidendes Detail: die Leiche.<\/p>\n<p>&nbsp;<\/p>\n<p>Band 3 aus der Grotte &amp; Shaft Reihe<\/p>\n","protected":false},"excerpt":{"rendered":"<p>Der junge Pferdewirt Peter Freiwald wird vermisst. Auf Dr\u00e4ngen ihres Vorgesetzten, der dem Wachleiter in Bergen-Enkheim noch einen Gefallen schuldet, \u00fcbernehmen Shaft und Grotte unter Protest den Fall. Schnell weisen die Indizien darauf hin, dass Peter Freiwald schon l\u00e4ngst unfreiwillig aus dem Leben geschieden ist. Grotte und Shaft sto\u00dfen auf [&hellip;]<\/p>\n","protected":false},"featured_media":6963,"comment_status":"closed","ping_status":"closed","template":"","meta":{"saved_in_kubio":false,"_monsterinsights_skip_tracking":false,"_monsterinsights_sitenote_active":false,"_monsterinsights_sitenote_note":"","_monsterinsights_sitenote_category":0},"product_brand":[],"product_cat":[151,150],"product_tag":[163,130,158],"class_list":{"0":"post-6962","1":"product","2":"type-product","3":"status-publish","4":"has-post-thumbnail","6":"product_cat-buecher","7":"product_cat-krimi","8":"product_tag-frankfurt","9":"product_tag-krimi","10":"product_tag-roman","11":"product_shipping_class-taschenbuch","13":"first","14":"instock","15":"purchasable","16":"product-type-simple"},"aioseo_notices":[],"_links":{"self":[{"href":"https:\/\/www.meddimueller.de\/index.php?rest_route=\/wp\/v2\/product\/6962","targetHints":{"allow":["GET"]}}],"collection":[{"href":"https:\/\/www.meddimueller.de\/index.php?rest_route=\/wp\/v2\/product"}],"about":[{"href":"https:\/\/www.meddimueller.de\/index.php?rest_route=\/wp\/v2\/types\/product"}],"replies":[{"embeddable":true,"href":"https:\/\/www.meddimueller.de\/index.php?rest_route=%2Fwp%2Fv2%2Fcomments&post=6962"}],"wp:featuredmedia":[{"embeddable":true,"href":"https:\/\/www.meddimueller.de\/index.php?rest_route=\/wp\/v2\/media\/6963"}],"wp:attachment":[{"href":"https:\/\/www.meddimueller.de\/index.php?rest_route=%2Fwp%2Fv2%2Fmedia&parent=6962"}],"wp:term":[{"taxonomy":"product_brand","embeddable":true,"href":"https:\/\/www.meddimueller.de\/index.php?rest_route=%2Fwp%2Fv2%2Fproduct_brand&post=6962"},{"taxonomy":"product_cat","embeddable":true,"href":"https:\/\/www.meddimueller.de\/index.php?rest_route=%2Fwp%2Fv2%2Fproduct_cat&post=6962"},{"taxonomy":"product_tag","embeddable":true,"href":"https:\/\/www.meddimueller.de\/index.php?rest_route=%2Fwp%2Fv2%2Fproduct_tag&post=6962"}],"curies":[{"name":"wp","href":"https:\/\/api.w.org\/{rel}","templated":true}]}}