{"id":6939,"date":"2022-10-22T00:54:00","date_gmt":"2022-10-22T00:54:00","guid":{"rendered":"https:\/\/www.meddimueller.de\/?post_type=product&#038;p=6939"},"modified":"2023-08-25T10:57:50","modified_gmt":"2023-08-25T10:57:50","slug":"ein-pfoertner-im-himmel-pdf","status":"publish","type":"product","link":"https:\/\/www.meddimueller.de\/?product=ein-pfoertner-im-himmel-pdf","title":{"rendered":"Ein Pf\u00f6rtner im Himmel (PDF)"},"content":{"rendered":"<p>Meinhardt Wolf, der Pf\u00f6rtner des Frankfurter Doms stirbt und kommt in den Himmel. Er ist damit nicht einverstanden, f\u00fcgt sich aber in sein Schicksal. Widerwillig tritt er seinen Dienst an der Himmelspforte an. Petrus ist \u00fcber die neue Konkurrenz wenig erfreut und es kommt zum Eklat.<\/p>\n","protected":false},"excerpt":{"rendered":"<p>Meinhardt Wolf, der Pf\u00f6rtner des Frankfurter Doms stirbt und kommt in den Himmel. Er ist damit nicht einverstanden, f\u00fcgt sich aber in sein Schicksal. Widerwillig tritt er seinen Dienst an der Himmelspforte an. Petrus ist \u00fcber die neue Konkurrenz wenig erfreut und es kommt zum Eklat.<\/p>\n","protected":false},"featured_media":6940,"comment_status":"closed","ping_status":"closed","template":"","meta":{"saved_in_kubio":false,"_monsterinsights_skip_tracking":false,"_monsterinsights_sitenote_active":false,"_monsterinsights_sitenote_note":"","_monsterinsights_sitenote_category":0},"product_brand":[],"product_cat":[152,132],"product_tag":[162,131,128],"class_list":{"0":"post-6939","1":"product","2":"type-product","3":"status-publish","4":"has-post-thumbnail","6":"product_cat-e-books","7":"product_cat-kurzgeschichten","8":"product_tag-bizarr","9":"product_tag-himmel","10":"product_tag-kurzgeschichten","11":"product_shipping_class-ebook","13":"first","14":"instock","15":"downloadable","16":"purchasable","17":"product-type-simple"},"aioseo_notices":[],"_links":{"self":[{"href":"https:\/\/www.meddimueller.de\/index.php?rest_route=\/wp\/v2\/product\/6939","targetHints":{"allow":["GET"]}}],"collection":[{"href":"https:\/\/www.meddimueller.de\/index.php?rest_route=\/wp\/v2\/product"}],"about":[{"href":"https:\/\/www.meddimueller.de\/index.php?rest_route=\/wp\/v2\/types\/product"}],"replies":[{"embeddable":true,"href":"https:\/\/www.meddimueller.de\/index.php?rest_route=%2Fwp%2Fv2%2Fcomments&post=6939"}],"wp:featuredmedia":[{"embeddable":true,"href":"https:\/\/www.meddimueller.de\/index.php?rest_route=\/wp\/v2\/media\/6940"}],"wp:attachment":[{"href":"https:\/\/www.meddimueller.de\/index.php?rest_route=%2Fwp%2Fv2%2Fmedia&parent=6939"}],"wp:term":[{"taxonomy":"product_brand","embeddable":true,"href":"https:\/\/www.meddimueller.de\/index.php?rest_route=%2Fwp%2Fv2%2Fproduct_brand&post=6939"},{"taxonomy":"product_cat","embeddable":true,"href":"https:\/\/www.meddimueller.de\/index.php?rest_route=%2Fwp%2Fv2%2Fproduct_cat&post=6939"},{"taxonomy":"product_tag","embeddable":true,"href":"https:\/\/www.meddimueller.de\/index.php?rest_route=%2Fwp%2Fv2%2Fproduct_tag&post=6939"}],"curies":[{"name":"wp","href":"https:\/\/api.w.org\/{rel}","templated":true}]}}