{"id":6912,"date":"2022-10-20T17:05:11","date_gmt":"2022-10-20T17:05:11","guid":{"rendered":"https:\/\/www.meddimueller.de\/?post_type=product&#038;p=6912"},"modified":"2022-10-25T06:02:02","modified_gmt":"2022-10-25T06:02:02","slug":"im-schatten-der-schwester-pdf","status":"publish","type":"product","link":"https:\/\/www.meddimueller.de\/?product=im-schatten-der-schwester-pdf","title":{"rendered":"Im Schatten der Schwester &#8211; (PDF)"},"content":{"rendered":"<p class=\"p1\">Frankfurt, im Fr\u00fchjahr 1910. Kommissar Schuhmann wird im Morgengrauen verhaftet. Ihm wird vorgeworfen, Hildegard R\u00fcdgers ermordet zu haben. Es gelingt ihm jedoch, in den Frankfurter Dom zu fl\u00fcchten, wo ihm vom Pfarrer Asyl gew\u00e4hrt wird. Die Beweise gegen ihn sind erdr\u00fcckend. Die Polizei l\u00e4sst sich nicht mehr lange hinhalten und droht damit, den Dom zu st\u00fcrmen. Die Zeit dr\u00e4ngt. Schuhmanns Freund, der T\u00fcrmer Heinrich Niemann, steht zu ihm und ermittelt verdeckt in Frankfurts Unterwelt, um seinen Freund zu entlasten. \u00a0Er schleust sich in die\u00a0<span class=\"s1\"><i>Barmherzige Bruderschaft<\/i><\/span>\u00a0ein, die unter dem Deckmantel der Wohlt\u00e4tigkeit Verbrechen ver\u00fcbt. Doch die m\u00e4chtige Bande geht mit Verr\u00e4tern nicht gerade zimperlich um\u2026<\/p>\n<p class=\"p1\">Der dritte Fall des Frankfurter T\u00fcrmers ist zugleich sein gef\u00e4hrlichster. Spannung bis zur letzten Seite.<\/p>\n<p>&nbsp;<\/p>\n<p>Band 3 der f\u00fcnfteiligen T\u00fcrmerserie<\/p>\n","protected":false},"excerpt":{"rendered":"<p>Frankfurt, im Fr\u00fchjahr 1910. Kommissar Schuhmann wird im Morgengrauen verhaftet. Ihm wird vorgeworfen, Hildegard R\u00fcdgers ermordet zu haben. Es gelingt ihm jedoch, in den Frankfurter Dom zu fl\u00fcchten, wo ihm vom Pfarrer Asyl gew\u00e4hrt wird. Die Beweise gegen ihn sind erdr\u00fcckend. Die Polizei l\u00e4sst sich nicht mehr lange hinhalten und [&hellip;]<\/p>\n","protected":false},"featured_media":6913,"comment_status":"closed","ping_status":"closed","template":"","meta":{"saved_in_kubio":false,"_monsterinsights_skip_tracking":false,"_monsterinsights_sitenote_active":false,"_monsterinsights_sitenote_note":"","_monsterinsights_sitenote_category":0},"product_brand":[],"product_cat":[151,152,150,160],"product_tag":[159,130,158],"class_list":{"0":"post-6912","1":"product","2":"type-product","3":"status-publish","4":"has-post-thumbnail","6":"product_cat-buecher","7":"product_cat-e-books","8":"product_cat-krimi","9":"product_cat-roman","10":"product_tag-historisch","11":"product_tag-krimi","12":"product_tag-roman","13":"product_shipping_class-ebook","15":"first","16":"instock","17":"downloadable","18":"purchasable","19":"product-type-simple"},"aioseo_notices":[],"_links":{"self":[{"href":"https:\/\/www.meddimueller.de\/index.php?rest_route=\/wp\/v2\/product\/6912","targetHints":{"allow":["GET"]}}],"collection":[{"href":"https:\/\/www.meddimueller.de\/index.php?rest_route=\/wp\/v2\/product"}],"about":[{"href":"https:\/\/www.meddimueller.de\/index.php?rest_route=\/wp\/v2\/types\/product"}],"replies":[{"embeddable":true,"href":"https:\/\/www.meddimueller.de\/index.php?rest_route=%2Fwp%2Fv2%2Fcomments&post=6912"}],"wp:featuredmedia":[{"embeddable":true,"href":"https:\/\/www.meddimueller.de\/index.php?rest_route=\/wp\/v2\/media\/6913"}],"wp:attachment":[{"href":"https:\/\/www.meddimueller.de\/index.php?rest_route=%2Fwp%2Fv2%2Fmedia&parent=6912"}],"wp:term":[{"taxonomy":"product_brand","embeddable":true,"href":"https:\/\/www.meddimueller.de\/index.php?rest_route=%2Fwp%2Fv2%2Fproduct_brand&post=6912"},{"taxonomy":"product_cat","embeddable":true,"href":"https:\/\/www.meddimueller.de\/index.php?rest_route=%2Fwp%2Fv2%2Fproduct_cat&post=6912"},{"taxonomy":"product_tag","embeddable":true,"href":"https:\/\/www.meddimueller.de\/index.php?rest_route=%2Fwp%2Fv2%2Fproduct_tag&post=6912"}],"curies":[{"name":"wp","href":"https:\/\/api.w.org\/{rel}","templated":true}]}}