{"id":6895,"date":"2022-10-20T16:35:38","date_gmt":"2022-10-20T16:35:38","guid":{"rendered":"https:\/\/www.meddimueller.de\/?post_type=product&#038;p=6895"},"modified":"2022-10-25T06:04:45","modified_gmt":"2022-10-25T06:04:45","slug":"frankfurt-muss-brennen-pdf-2","status":"publish","type":"product","link":"https:\/\/www.meddimueller.de\/?product=frankfurt-muss-brennen-pdf-2","title":{"rendered":"Frankfurt muss brennen &#8211; (PDF)"},"content":{"rendered":"<div class=\"a-expander-content a-expander-partial-collapse-content a-expander-content-expanded\" aria-expanded=\"true\">Frankfurt im Sp\u00e4tsommer 1912. In Eschersheim brennt der Hof der Familie Kremer bis auf die Grundmauern nieder. Nur der j\u00fcngste Sohn \u00fcberlebt das Inferno. Schnell wird klar, dass es sich um Brandstiftung handelt. Kommissar Schuhmann ermittelt wegen Mord. Ein Routinefall. Wenige Tage sp\u00e4ter brennt es erneut in Eschersheim, bei dem ein weiterer Mann stirbt. H\u00e4ngen die Br\u00e4nde zusammen? Ist ein Feuerteufel am Werk? Warum wird wenige Tage sp\u00e4ter Gisela Reimann, die Nachbarin der Kremers, erschlagen am Heddernheimern Niddaufer gefunden? Geht es hier \u201enur\u201c um Brandstiftung oder steckt mehr dahinter? Sp\u00e4testens als der K\u00fcster der Emmausgemeinde in seiner Kirche in Flammen steht und dabei umkommt, ist klar, dass die Opfer nicht zuf\u00e4llig ausgew\u00e4hlt wurden. Hier ist ein wahnsinniger Serient\u00e4ter am Werk. Heinrich Niemann, bester Freund Kommissar Schuhmanns, T\u00fcrmer des Frankfurter Kaiserdoms und Feuerwehrmann, wird dem Ermittler als Berater zugeteilt. Gemeinsam jagen sie die Bestie von Eschersheim. Die Zeit dr\u00e4ngt, denn auf der Todesliste des M\u00f6rders stehen noch etliche Namen.<\/div>\n<div class=\"a-expander-header a-expander-partial-collapse-header\"><\/div>\n<div><\/div>\n<div>Band 4 aus der f\u00fcnfteiligen T\u00fcrmerserie<\/div>\n","protected":false},"excerpt":{"rendered":"<p>Frankfurt im Sp\u00e4tsommer 1912. In Eschersheim brennt der Hof der Familie Kremer bis auf die Grundmauern nieder. Nur der j\u00fcngste Sohn \u00fcberlebt das Inferno. Schnell wird klar, dass es sich um Brandstiftung handelt. Kommissar Schuhmann ermittelt wegen Mord. Ein Routinefall. Wenige Tage sp\u00e4ter brennt es erneut in Eschersheim, bei dem [&hellip;]<\/p>\n","protected":false},"featured_media":6891,"comment_status":"closed","ping_status":"closed","template":"","meta":{"saved_in_kubio":false,"_monsterinsights_skip_tracking":false,"_monsterinsights_sitenote_active":false,"_monsterinsights_sitenote_note":"","_monsterinsights_sitenote_category":0},"product_brand":[],"product_cat":[151,152,150,157,160],"product_tag":[159,130,158],"class_list":{"0":"post-6895","1":"product","2":"type-product","3":"status-publish","4":"has-post-thumbnail","6":"product_cat-buecher","7":"product_cat-e-books","8":"product_cat-krimi","9":"product_cat-leseproben","10":"product_cat-roman","11":"product_tag-historisch","12":"product_tag-krimi","13":"product_tag-roman","14":"product_shipping_class-ebook","16":"first","17":"instock","18":"downloadable","19":"purchasable","20":"product-type-simple"},"aioseo_notices":[],"_links":{"self":[{"href":"https:\/\/www.meddimueller.de\/index.php?rest_route=\/wp\/v2\/product\/6895","targetHints":{"allow":["GET"]}}],"collection":[{"href":"https:\/\/www.meddimueller.de\/index.php?rest_route=\/wp\/v2\/product"}],"about":[{"href":"https:\/\/www.meddimueller.de\/index.php?rest_route=\/wp\/v2\/types\/product"}],"replies":[{"embeddable":true,"href":"https:\/\/www.meddimueller.de\/index.php?rest_route=%2Fwp%2Fv2%2Fcomments&post=6895"}],"wp:featuredmedia":[{"embeddable":true,"href":"https:\/\/www.meddimueller.de\/index.php?rest_route=\/wp\/v2\/media\/6891"}],"wp:attachment":[{"href":"https:\/\/www.meddimueller.de\/index.php?rest_route=%2Fwp%2Fv2%2Fmedia&parent=6895"}],"wp:term":[{"taxonomy":"product_brand","embeddable":true,"href":"https:\/\/www.meddimueller.de\/index.php?rest_route=%2Fwp%2Fv2%2Fproduct_brand&post=6895"},{"taxonomy":"product_cat","embeddable":true,"href":"https:\/\/www.meddimueller.de\/index.php?rest_route=%2Fwp%2Fv2%2Fproduct_cat&post=6895"},{"taxonomy":"product_tag","embeddable":true,"href":"https:\/\/www.meddimueller.de\/index.php?rest_route=%2Fwp%2Fv2%2Fproduct_tag&post=6895"}],"curies":[{"name":"wp","href":"https:\/\/api.w.org\/{rel}","templated":true}]}}