{"id":6870,"date":"2022-10-20T16:12:52","date_gmt":"2022-10-20T16:12:52","guid":{"rendered":"https:\/\/www.meddimueller.de\/?post_type=product&#038;p=6870"},"modified":"2022-10-25T06:10:22","modified_gmt":"2022-10-25T06:10:22","slug":"glanzgold-leseprobe-pdf","status":"publish","type":"product","link":"https:\/\/www.meddimueller.de\/?product=glanzgold-leseprobe-pdf","title":{"rendered":"Glanzgold &#8211; (Leseprobe-PDF)"},"content":{"rendered":"<p>Klappentext Glanzgold<\/p>\n<p>Frankfurt 1909. Heinrich Niemann ist der T\u00fcrmer des Frankfurter Doms. Er lebt ein ruhiges Leben hoch \u00fcber der Stadt. Als seine Schwester Charlotte von Hannover nach Frankfurt zieht, \u00e4ndert sich das jedoch bald. Durch einen Zufall lernt sie den charmanten aber geheimnisvollen Heiko Lorenz kennen. Sie ist begeistert von ihrem neuen Bekannten. Doch dem T\u00fcrmer missf\u00e4llt die Liaison seiner kleinen Schwester. Er wittert hinter der perfekten Fassade Ungemach. Irgendetwas stimmt nicht mit diesem Lorenz.<\/p>\n<p>Als Charlotte zuf\u00e4llig ein geheimnisvolles Gespr\u00e4ch zwischen Lorenz und einem gewissen Herrn Hoffmann belauscht, beginnt ein Wettlauf gegen die Zeit. Charlotte berichtet Ihrem Bruder von dem Gespr\u00e4ch, in dem das Datum 19. Mai 1909 gefallen ist. An diesem Tag besucht Kaiser Wilhelm II. die Stadt. Plant Lorenz ein Attentat auf den Kaiser? Welche Rolle spielt dieser omin\u00f6se Hoffmann in diesem St\u00fcck? Warum wollen Sie den Kaiser t\u00f6ten? Oder wollen Sie ihn doch nicht t\u00f6ten und alles ist nur ein Missverst\u00e4ndnis?<span class=\"Apple-converted-space\">\u00a0<\/span><\/p>\n<p>Der T\u00fcrmer ermittelt in seinem zweiten Fall, der ihn auch in die Wetterau f\u00fchrt, wieder auf eigene Faust und gegen alle Widerst\u00e4nde. Charlotte h\u00e4lt zu ihrem Geliebten und Heinrichs Freund Kommissar Schuhmann verweigert die Zusammenarbeit. Ohne Beweise kann und will er nicht eingreifen. Doch der T\u00fcrmer ist felsenfest davon \u00fcberzeugt, dass Lorenz etwas im Schilde f\u00fchrt. Doch manchmal kommt es anders als man denkt \u2026 Band 2 aus der f\u00fcnfteiligen T\u00fcrmer-Serie<\/p>\n","protected":false},"excerpt":{"rendered":"<p>Klappentext Glanzgold Frankfurt 1909. Heinrich Niemann ist der T\u00fcrmer des Frankfurter Doms. Er lebt ein ruhiges Leben hoch \u00fcber der Stadt. Als seine Schwester Charlotte von Hannover nach Frankfurt zieht, \u00e4ndert sich das jedoch bald. Durch einen Zufall lernt sie den charmanten aber geheimnisvollen Heiko Lorenz kennen. Sie ist begeistert [&hellip;]<\/p>\n","protected":false},"featured_media":6871,"comment_status":"closed","ping_status":"closed","template":"","meta":{"saved_in_kubio":false,"_monsterinsights_skip_tracking":false,"_monsterinsights_sitenote_active":false,"_monsterinsights_sitenote_note":"","_monsterinsights_sitenote_category":0},"product_brand":[],"product_cat":[150,157,160],"product_tag":[159,130,158],"class_list":{"0":"post-6870","1":"product","2":"type-product","3":"status-publish","4":"has-post-thumbnail","6":"product_cat-krimi","7":"product_cat-leseproben","8":"product_cat-roman","9":"product_tag-historisch","10":"product_tag-krimi","11":"product_tag-roman","12":"product_shipping_class-ebook","14":"first","15":"instock","16":"downloadable","17":"shipping-taxable","18":"purchasable","19":"product-type-simple"},"aioseo_notices":[],"_links":{"self":[{"href":"https:\/\/www.meddimueller.de\/index.php?rest_route=\/wp\/v2\/product\/6870","targetHints":{"allow":["GET"]}}],"collection":[{"href":"https:\/\/www.meddimueller.de\/index.php?rest_route=\/wp\/v2\/product"}],"about":[{"href":"https:\/\/www.meddimueller.de\/index.php?rest_route=\/wp\/v2\/types\/product"}],"replies":[{"embeddable":true,"href":"https:\/\/www.meddimueller.de\/index.php?rest_route=%2Fwp%2Fv2%2Fcomments&post=6870"}],"wp:featuredmedia":[{"embeddable":true,"href":"https:\/\/www.meddimueller.de\/index.php?rest_route=\/wp\/v2\/media\/6871"}],"wp:attachment":[{"href":"https:\/\/www.meddimueller.de\/index.php?rest_route=%2Fwp%2Fv2%2Fmedia&parent=6870"}],"wp:term":[{"taxonomy":"product_brand","embeddable":true,"href":"https:\/\/www.meddimueller.de\/index.php?rest_route=%2Fwp%2Fv2%2Fproduct_brand&post=6870"},{"taxonomy":"product_cat","embeddable":true,"href":"https:\/\/www.meddimueller.de\/index.php?rest_route=%2Fwp%2Fv2%2Fproduct_cat&post=6870"},{"taxonomy":"product_tag","embeddable":true,"href":"https:\/\/www.meddimueller.de\/index.php?rest_route=%2Fwp%2Fv2%2Fproduct_tag&post=6870"}],"curies":[{"name":"wp","href":"https:\/\/api.w.org\/{rel}","templated":true}]}}