{"id":6856,"date":"2022-10-20T15:47:28","date_gmt":"2022-10-20T15:47:28","guid":{"rendered":"https:\/\/www.meddimueller.de\/?post_type=product&#038;p=6856"},"modified":"2022-10-25T06:12:31","modified_gmt":"2022-10-25T06:12:31","slug":"der-gewuerzhaendler-zu-frankfurt-leseprobe-pdf","status":"publish","type":"product","link":"https:\/\/www.meddimueller.de\/?product=der-gewuerzhaendler-zu-frankfurt-leseprobe-pdf","title":{"rendered":"Der Gew\u00fcrzh\u00e4ndler zu Frankfurt (Leseprobe &#8211; PDF)"},"content":{"rendered":"<p>Arthur ist ein fahrender H\u00e4ndler der im 17. Jahrhundert durch die Lande rund um Frankfurt zieht. Er lebt gut mit seinem Wagen voller Waren, bis er durcheinander Ungl\u00fcck beides verliert. Doch Arthur gibt nicht auf und geht seinen Weg. Das Schicksal f\u00fchrt ihn in ein niese Leben. Dies ist seine Geschichte, wie er von fahrenden H\u00e4ndler zu einem der wohlhabendsten Gew\u00fcrzh\u00e4ndler der Metropole am Main wird und auf gro\u00dfe Fahrt nach Indien geht. Er erleidet Schiffbruch und schl\u00e4gt sich, getrieben vom Heimweh zur\u00fcck nach Europa. Auf seinem Weg nach Hause erlebt er zahllose Abenteuer. (Leseprobe)<\/p>\n","protected":false},"excerpt":{"rendered":"<p>Arthur ist ein fahrender H\u00e4ndler der im 17. Jahrhundert durch die Lande rund um Frankfurt zieht. Er lebt gut mit seinem Wagen voller Waren, bis er durcheinander Ungl\u00fcck beides verliert. Doch Arthur gibt nicht auf und geht seinen Weg. Das Schicksal f\u00fchrt ihn in ein niese Leben. Dies ist seine Geschichte, wie er von fahrenden H\u00e4ndler zu einem der wohlhabendsten [&hellip;]<\/p>\n","protected":false},"featured_media":6859,"comment_status":"closed","ping_status":"closed","template":"","meta":{"saved_in_kubio":false,"_monsterinsights_skip_tracking":false,"_monsterinsights_sitenote_active":false,"_monsterinsights_sitenote_note":"","_monsterinsights_sitenote_category":0},"product_brand":[],"product_cat":[161,157,160],"product_tag":[159,158],"class_list":{"0":"post-6856","1":"product","2":"type-product","3":"status-publish","4":"has-post-thumbnail","6":"product_cat-abenteuer","7":"product_cat-leseproben","8":"product_cat-roman","9":"product_tag-historisch","10":"product_tag-roman","11":"product_shipping_class-ebook","13":"first","14":"instock","15":"downloadable","16":"shipping-taxable","17":"purchasable","18":"product-type-simple"},"aioseo_notices":[],"_links":{"self":[{"href":"https:\/\/www.meddimueller.de\/index.php?rest_route=\/wp\/v2\/product\/6856","targetHints":{"allow":["GET"]}}],"collection":[{"href":"https:\/\/www.meddimueller.de\/index.php?rest_route=\/wp\/v2\/product"}],"about":[{"href":"https:\/\/www.meddimueller.de\/index.php?rest_route=\/wp\/v2\/types\/product"}],"replies":[{"embeddable":true,"href":"https:\/\/www.meddimueller.de\/index.php?rest_route=%2Fwp%2Fv2%2Fcomments&post=6856"}],"wp:featuredmedia":[{"embeddable":true,"href":"https:\/\/www.meddimueller.de\/index.php?rest_route=\/wp\/v2\/media\/6859"}],"wp:attachment":[{"href":"https:\/\/www.meddimueller.de\/index.php?rest_route=%2Fwp%2Fv2%2Fmedia&parent=6856"}],"wp:term":[{"taxonomy":"product_brand","embeddable":true,"href":"https:\/\/www.meddimueller.de\/index.php?rest_route=%2Fwp%2Fv2%2Fproduct_brand&post=6856"},{"taxonomy":"product_cat","embeddable":true,"href":"https:\/\/www.meddimueller.de\/index.php?rest_route=%2Fwp%2Fv2%2Fproduct_cat&post=6856"},{"taxonomy":"product_tag","embeddable":true,"href":"https:\/\/www.meddimueller.de\/index.php?rest_route=%2Fwp%2Fv2%2Fproduct_tag&post=6856"}],"curies":[{"name":"wp","href":"https:\/\/api.w.org\/{rel}","templated":true}]}}