{"id":6830,"date":"2022-10-19T15:19:05","date_gmt":"2022-10-19T15:19:05","guid":{"rendered":"https:\/\/www.meddimueller.de\/?post_type=product&#038;p=6830"},"modified":"2022-10-25T06:14:04","modified_gmt":"2022-10-25T06:14:04","slug":"alles-ausser-mord-edition-leserunde-pdf","status":"publish","type":"product","link":"https:\/\/www.meddimueller.de\/?product=alles-ausser-mord-edition-leserunde-pdf","title":{"rendered":"Alles au\u00dfer Mord (Edition Leserunde &#8211; PDF)"},"content":{"rendered":"<p><strong>Es muss nicht immer Mord sein!<\/strong><\/p>\n<p>Das Verbrechen hat viele Gesichter. Erpressung, Raub, Entf\u00fchrung &#8230; es gibt so viel Facetten des B\u00f6sen. In dieser Anthologie gibt es alles, au\u00dfer Mord. 15 kurze Krimis erwarte Sie in dieser Anthologie aus der Edition Leserunde.<\/p>\n","protected":false},"excerpt":{"rendered":"<p>Es muss nicht immer Mord sein! Das Verbrechen hat viele Gesichter. Erpressung, Raub, Entf\u00fchrung &#8230; es gibt so viel Facetten des B\u00f6sen. In dieser Anthologie gibt es alles, au\u00dfer Mord. 15 kurze Krimis erwarte Sie in dieser Anthologie aus der Edition Leserunde.<\/p>\n","protected":false},"featured_media":6829,"comment_status":"closed","ping_status":"closed","template":"","meta":{"saved_in_kubio":false,"_monsterinsights_skip_tracking":false,"_monsterinsights_sitenote_active":false,"_monsterinsights_sitenote_note":"","_monsterinsights_sitenote_category":0},"product_brand":[],"product_cat":[153,152,150,132],"product_tag":[154,156,130,128,155],"class_list":{"0":"post-6830","1":"product","2":"type-product","3":"status-publish","4":"has-post-thumbnail","6":"product_cat-anthologien","7":"product_cat-e-books","8":"product_cat-krimi","9":"product_cat-kurzgeschichten","10":"product_tag-anthologien","11":"product_tag-edition-leserunde","12":"product_tag-krimi","13":"product_tag-kurzgeschichten","14":"product_tag-sammlung","15":"product_shipping_class-ebook","17":"first","18":"instock","19":"downloadable","20":"purchasable","21":"product-type-simple"},"aioseo_notices":[],"_links":{"self":[{"href":"https:\/\/www.meddimueller.de\/index.php?rest_route=\/wp\/v2\/product\/6830","targetHints":{"allow":["GET"]}}],"collection":[{"href":"https:\/\/www.meddimueller.de\/index.php?rest_route=\/wp\/v2\/product"}],"about":[{"href":"https:\/\/www.meddimueller.de\/index.php?rest_route=\/wp\/v2\/types\/product"}],"replies":[{"embeddable":true,"href":"https:\/\/www.meddimueller.de\/index.php?rest_route=%2Fwp%2Fv2%2Fcomments&post=6830"}],"wp:featuredmedia":[{"embeddable":true,"href":"https:\/\/www.meddimueller.de\/index.php?rest_route=\/wp\/v2\/media\/6829"}],"wp:attachment":[{"href":"https:\/\/www.meddimueller.de\/index.php?rest_route=%2Fwp%2Fv2%2Fmedia&parent=6830"}],"wp:term":[{"taxonomy":"product_brand","embeddable":true,"href":"https:\/\/www.meddimueller.de\/index.php?rest_route=%2Fwp%2Fv2%2Fproduct_brand&post=6830"},{"taxonomy":"product_cat","embeddable":true,"href":"https:\/\/www.meddimueller.de\/index.php?rest_route=%2Fwp%2Fv2%2Fproduct_cat&post=6830"},{"taxonomy":"product_tag","embeddable":true,"href":"https:\/\/www.meddimueller.de\/index.php?rest_route=%2Fwp%2Fv2%2Fproduct_tag&post=6830"}],"curies":[{"name":"wp","href":"https:\/\/api.w.org\/{rel}","templated":true}]}}