{"id":8099,"date":"2026-04-15T07:21:31","date_gmt":"2026-04-15T07:21:31","guid":{"rendered":"https:\/\/www.meddimueller.de\/?page_id=8099"},"modified":"2026-04-15T07:21:33","modified_gmt":"2026-04-15T07:21:33","slug":"datenschutzerklaerung-2","status":"publish","type":"page","link":"https:\/\/www.meddimueller.de\/?page_id=8099","title":{"rendered":"Datenschutzerkl\u00e4rung"},"content":{"rendered":"\n<p><\/p>\n\n\n\n<p><\/p>\n\n\n\n<h2 class=\"wp-block-heading\">Allgemeine Angaben<\/h2>\n\n\n\n<p>Angaben zur verantwortlichen Stelle<\/p>\n\n\n\n<p>Unternehmen: Mathias M\u00fcller<\/p>\n\n\n\n<p>Adresse: M\u00e4rker Strasse 80, 60437 Frankfurt am Main<\/p>\n\n\n\n<h2 class=\"wp-block-heading\"><\/h2>\n\n\n\n<h2 class=\"wp-block-heading\">Allgemeine Datenverarbeitungs-Informationen<\/h2>\n\n\n\n<p>Personenbezogene Daten werden nur erhoben, wenn Sie uns diese von sich aus mitteilen. Dar\u00fcber hinaus werden keine personenbezogenen Daten erhoben. Eine \u00fcber die Reichweite der gesetzlichen Erlaubnistatbest\u00e4nde hinausgehende Verarbeitung Ihrer personenbezogenen Daten erfolgt nur auf Grundlage Ihrer ausdr\u00fccklichen Einwilligung.<\/p>\n\n\n\n<p>Verarbeitungszweck: (in der Regel) Vertragsanbahnung bzw. -durchf\u00fchrung.<\/p>\n\n\n\n<p>Kategorien von Empf\u00e4ngern: \u00d6ffentliche Stellen bei Vorliegen vorrangiger Rechtsvorschriften. Externe Dienstleister oder sonstige Auftragnehmer. Weitere externe Stellen soweit der Betroffene seine Einwilligung erteilt hat oder eine \u00dcbermittlung aus \u00fcberwiegendem Interesse zul\u00e4ssig ist.<\/p>\n\n\n\n<p>Drittlandtransfers: Im Rahmen der Vertragsdurchf\u00fchrung k\u00f6nnen auch Auftragsverarbeiter au\u00dferhalb der Europ\u00e4ischen Union zum Einsatz kommen.<\/p>\n\n\n\n<p>Dauer Datenspeicherung: Die Dauer der Datenspeicherung richtet sich nach den gesetzlichen Aufbewahrungspflichten und betr\u00e4gt in der Regel 10 Jahre.<\/p>\n\n\n\n<h2 class=\"wp-block-heading\">Spezifische Angaben zur Webseite<\/h2>\n\n\n\n<h2 class=\"wp-block-heading\">Nutzungsdaten<\/h2>\n\n\n\n<p>Wenn Sie unsere Webseiten aufrufen, \u00fcbermitteln Sie (aus technischer Notwendigkeit) \u00fcber Ihren Internetbrowser Daten an unseren Webserver. Folgende Daten werden w\u00e4hrend einer laufenden Verbindung zur Kommunikation zwischen Ihrem Internetbrowser und unserem Webserver aufgezeichnet:<\/p>\n\n\n\n<p>&#8211; Datum und Uhrzeit der Anforderung<\/p>\n\n\n\n<p>&#8211; Name der angeforderten Daten<\/p>\n\n\n\n<p>&#8211; Seite, von der aus die Datei angefordert wurde<\/p>\n\n\n\n<p>&#8211; Zugriffsstatus (Datei \u00fcbertragen, Datei nicht gefunden, etc.)<\/p>\n\n\n\n<p>&#8211; verwendeter Webbrowser und verwendetes Betriebssystem<\/p>\n\n\n\n<p>&#8211; vollst\u00e4ndige IP-Adresse des anfordernden Rechners&nbsp;\u00fcbertragene Datenmenge.<\/p>\n\n\n\n<p>Aus Gr\u00fcnden der technischen Sicherheit, insbesondere zur Abwehr von Angriffsversuchen auf unseren Webserver, werden diese Daten von uns kurzzeitig gespeichert. Ein R\u00fcckschluss auf einzelne Personen ist uns anhand dieser Daten nicht m\u00f6glich. Nach sp\u00e4testens 30 Tagen werden die Daten durch Verk\u00fcrzung der IP-Adresse auf Domain-Ebene anonymisiert, so dass es nicht mehr m\u00f6glich ist, einen Bezug zum einzelnen Nutzer herzustellen. In anonymisierter Form werden die Daten daneben zu statistischen Zwecken verarbeitet; ein Abgleich mit anderen Datenbest\u00e4nden oder eine Weitergabe an Dritte, auch in Ausz\u00fcgen, findet nicht statt.<\/p>\n\n\n\n<h2 class=\"wp-block-heading\">Einsatz eines Newsletters<\/h2>\n\n\n\n<p>Im Rahmen der Registrierung unseres Newsletters teilen Sie uns Ihre E-Mail-Adresse und optional weitere Daten mit. Diese Angaben verwenden wir ausschlie\u00dflich, um Ihnen den Newsletter zuzusenden. Ihre bei der Newsletter-Anmeldung eingegebenen Daten bleiben bei uns gespeichert, bis Sie sich wieder von unserem Newsletter abmelden. Eine Abmeldung ist jederzeit \u00fcber den daf\u00fcr vorgesehenen Link im Newsletter oder eine entsprechende Mitteilung an uns m\u00f6glich. Mit der Abmeldung widersprechen Sie der Nutzung Ihrer E-Mail-Adresse.<\/p>\n\n\n\n<h2 class=\"wp-block-heading\">Einsatz eigener f\u00fcr die Webseiten-Anzeige erforderlicher \u201eCookies\u201c<\/h2>\n\n\n\n<p>Diese Webseite verwendet eigene \u201eCookies\u201c, um f\u00fcr die Webseiten-Anzeige erforderliche Einstellungen zu speichern (\u201eCookies\u201c sind Datens\u00e4tze, die vom Webserver an den Browser des Nutzers gesandt und dort f\u00fcr einen sp\u00e4teren Abruf gespeichert werden). In unseren eigenen \u201eCookies\u201c werden keinerlei personenbezogene Daten gespeichert. Sie k\u00f6nnen die Verwendung von \u201eCookies\u201c generell verhindern, wenn Sie in Ihrem Browser die Speicherung von \u201eCookies\u201c untersagen.<\/p>\n\n\n\n<h2 class=\"wp-block-heading\">Einsatz verschiedener Tools:<\/h2>\n\n\n\n<ul class=\"wp-block-list\">\n<li>Diese Webseite benutzt auf Basis der Einwilligung der Webseiten-Besucher Google Analytics, einen Webanalysedienst der Google Ireland Limited (\u201eGoogle\u201c). Google Analytics verwendet sog. \u201eCookies\u201c also Textdateien, die auf Ihrem Computer gespeichert werden und die eine Analyse der Benutzung der Website durch Sie erm\u00f6glichen. Die durch das Cookie erzeugten Informationen \u00fcber Ihre Benutzung dieser Website werden in der Regel auch an einen Server von Google in den USA \u00fcbertragen und dort gespeichert. Im Auftrag des Betreibers dieser Website wird Google diese Informationen benutzen, um Ihre Nutzung der Website auszuwerten, um Reports \u00fcber die Websiteaktivit\u00e4ten zusammenzustellen und um weitere mit der Websitenutzung und der Internetnutzung verbundene Dienstleistungen gegen\u00fcber dem Websitebetreiber zu erbringen.<\/li>\n<\/ul>\n\n\n\n<h2 class=\"wp-block-heading\">Weitere Informationen und Kontakte<\/h2>\n\n\n\n<p>Dar\u00fcber hinaus k\u00f6nnen Sie jederzeit ihre Anspr\u00fcche auf Auskunft, Berichtigung oder L\u00f6schung oder auf Einschr\u00e4nkung der Verarbeitung oder der Wahrnehmung Ihres Widerspruchsrechts gegen die Verarbeitung sowie das Recht auf Daten\u00fcbertragbarkeit geltend machen. Hier finden Sie die M\u00f6glichkeit, uns&nbsp;<a href=\"https:\/\/www.meddimueller.de\/?page_id=5310\" target=\"_blank\" rel=\"noreferrer noopener\">per E-Mail oder Brief<\/a>&nbsp;zu kontaktieren. Sie haben ferner das Recht, sich bei Beschwerden an die Datenschutz-Aufsichtsbeh\u00f6rde zu wenden.<\/p>\n\n\n\n<h2 class=\"wp-block-heading\"><\/h2>\n\n\n\n<p><em>Diese Datenschutzerkl\u00e4rung wurde vom Datenschutz-Generator der&nbsp;<a href=\"https:\/\/www.iitr.de\/\">IITR Datenschutz GmbH<\/a>&nbsp;erstellt.<\/em><\/p>\n","protected":false},"excerpt":{"rendered":"<p>Allgemeine Angaben Angaben zur verantwortlichen Stelle Unternehmen: Mathias M\u00fcller Adresse: M\u00e4rker Strasse 80, 60437 Frankfurt am Main Allgemeine Datenverarbeitungs-Informationen Personenbezogene Daten werden nur erhoben, wenn Sie uns diese von sich aus mitteilen. Dar\u00fcber hinaus werden keine personenbezogenen Daten erhoben. Eine \u00fcber die Reichweite der gesetzlichen Erlaubnistatbest\u00e4nde hinausgehende Verarbeitung Ihrer personenbezogenen [&hellip;]<\/p>\n","protected":false},"author":1,"featured_media":0,"parent":0,"menu_order":0,"comment_status":"closed","ping_status":"closed","template":"","meta":{"saved_in_kubio":false,"_monsterinsights_skip_tracking":false,"_monsterinsights_sitenote_active":false,"_monsterinsights_sitenote_note":"","_monsterinsights_sitenote_category":0,"footnotes":""},"class_list":["post-8099","page","type-page","status-publish","hentry"],"aioseo_notices":[],"kubio_ai_page_context":{"short_desc":"","purpose":"general"},"_links":{"self":[{"href":"https:\/\/www.meddimueller.de\/index.php?rest_route=\/wp\/v2\/pages\/8099","targetHints":{"allow":["GET"]}}],"collection":[{"href":"https:\/\/www.meddimueller.de\/index.php?rest_route=\/wp\/v2\/pages"}],"about":[{"href":"https:\/\/www.meddimueller.de\/index.php?rest_route=\/wp\/v2\/types\/page"}],"author":[{"embeddable":true,"href":"https:\/\/www.meddimueller.de\/index.php?rest_route=\/wp\/v2\/users\/1"}],"replies":[{"embeddable":true,"href":"https:\/\/www.meddimueller.de\/index.php?rest_route=%2Fwp%2Fv2%2Fcomments&post=8099"}],"version-history":[{"count":1,"href":"https:\/\/www.meddimueller.de\/index.php?rest_route=\/wp\/v2\/pages\/8099\/revisions"}],"predecessor-version":[{"id":8100,"href":"https:\/\/www.meddimueller.de\/index.php?rest_route=\/wp\/v2\/pages\/8099\/revisions\/8100"}],"wp:attachment":[{"href":"https:\/\/www.meddimueller.de\/index.php?rest_route=%2Fwp%2Fv2%2Fmedia&parent=8099"}],"curies":[{"name":"wp","href":"https:\/\/api.w.org\/{rel}","templated":true}]}}