{"id":7500,"date":"2024-01-02T09:49:09","date_gmt":"2024-01-02T09:49:09","guid":{"rendered":"https:\/\/www.meddimueller.de\/?page_id=7500"},"modified":"2025-01-09T17:13:10","modified_gmt":"2025-01-09T17:13:10","slug":"die-macht-der-worte","status":"publish","type":"page","link":"https:\/\/www.meddimueller.de\/?page_id=7500","title":{"rendered":"Die Macht der Worte"},"content":{"rendered":"<div class=\"wp-block-image\">\n<figure class=\"aligncenter size-large is-resized\"><img fetchpriority=\"high\" decoding=\"async\" width=\"1024\" height=\"1024\" src=\"https:\/\/www.meddimueller.de\/wp-content\/uploads\/2024\/01\/IMG_5575-1024x1024.jpeg\" alt=\"\" class=\"wp-image-7501\" style=\"width:391px;height:auto\" srcset=\"https:\/\/www.meddimueller.de\/wp-content\/uploads\/2024\/01\/IMG_5575-1024x1024.jpeg 1024w, https:\/\/www.meddimueller.de\/wp-content\/uploads\/2024\/01\/IMG_5575-300x300.jpeg 300w, https:\/\/www.meddimueller.de\/wp-content\/uploads\/2024\/01\/IMG_5575-150x150.jpeg 150w, https:\/\/www.meddimueller.de\/wp-content\/uploads\/2024\/01\/IMG_5575-768x768.jpeg 768w, https:\/\/www.meddimueller.de\/wp-content\/uploads\/2024\/01\/IMG_5575-1536x1536.jpeg 1536w, https:\/\/www.meddimueller.de\/wp-content\/uploads\/2024\/01\/IMG_5575-230x230.jpeg 230w, https:\/\/www.meddimueller.de\/wp-content\/uploads\/2024\/01\/IMG_5575-600x600.jpeg 600w, https:\/\/www.meddimueller.de\/wp-content\/uploads\/2024\/01\/IMG_5575-100x100.jpeg 100w, https:\/\/www.meddimueller.de\/wp-content\/uploads\/2024\/01\/IMG_5575.jpeg 1600w\" sizes=\"(max-width: 1024px) 100vw, 1024px\" \/><\/figure>\n<\/div>\n\n\n<hr class=\"wp-block-separator has-alpha-channel-opacity\"\/>\n\n\n\n<p><strong><em>NICHTS IST ST\u00c4RKER ALS DAS WORT.<\/em><\/strong><\/p>\n\n\n\n<div class=\"wp-block-group\"><div class=\"wp-block-group__inner-container is-layout-constrained wp-block-group-is-layout-constrained\">\n<div class=\"wp-block-group\"><div class=\"wp-block-group__inner-container is-layout-constrained wp-block-group-is-layout-constrained\">\n<p>Es kann Komplimente verteilen, beleidigen, Freundschaften schlie\u00dfen und auch wieder zerst\u00f6ren, Ehen schlie\u00dfen, Welten ver\u00e4ndern, Soldaten zur Treue verpflichten oder einfach nur sehr viel Freude spenden.<\/p>\n\n\n\n<p>Worte k\u00f6nnen t\u00f6ten (etwa bei einem Todesurteil im Gericht, oder einer Falschaussage, die zum Todesurteil f\u00fchrt) und sie k\u00f6nnen heilen (Therapie).<\/p>\n\n\n\n<p>Sie k\u00f6nnen Kriege ausl\u00f6sen oder be- enden. Worte motivieren und treiben zu H\u00f6chstleistungen. Sie k\u00f6nnen fanatisieren und aufwiegeln, sie k\u00f6nnen einlullen und verdummen. Nicht nur Politiker:innen aller Welt verbringen den gr\u00f6\u00dften Teil ihres Lebens mit Worten.<\/p>\n\n\n\n<p>Gemeinsam gehen wir der Wirkung des Wortes auf den Grund. Denn \u201eAm Anfang war das Wort.\u201c<\/p>\n\n\n\n<p>Derzeit treffen Dr. Barbara Br\u00fcning und Meddi M\u00fcller sechs mal pro Jahr im Haus am Dom bei der Katholischen Erwachsenenbildung (KEB) auf G\u00e4ste, die mit Worten arbeiten und deren Macht nutzen. <\/p>\n\n\n\n<p>Unser Publikum ausdr\u00fccklich dazu aufgefordert, sich an der Diskussion zu beteiligen! <\/p>\n\n\n\n<p><strong>Beginn ist immer 19:30 Uhr <\/strong><\/p>\n\n\n\n<p>Der Eintritt ist bei allen Veranstaltungen frei!<\/p>\n<\/div><\/div>\n\n\n\n<p><a href=\"https:\/\/www.meddimueller.de\/wp-content\/uploads\/2025\/01\/KEB_Macht_der_Worte_5_Wickel_dinLang_RZ1_Druck.pdf\" target=\"_blank\" rel=\"noreferrer noopener\">Hier ist der aktuelle Flyer f\u00fcr das 1. Halbjahr 2025 zum download<\/a><\/p>\n\n\n\n<div class=\"wp-block-group\"><div class=\"wp-block-group__inner-container is-layout-constrained wp-block-group-is-layout-constrained\">\n<hr class=\"wp-block-separator has-alpha-channel-opacity\"\/>\n<\/div><\/div>\n<\/div><\/div>\n\n\n\n<p><strong>Termine 2025 1. Halbjahr<\/strong><\/p>\n\n\n\n<hr class=\"wp-block-separator has-alpha-channel-opacity\"\/>\n\n\n\n<p><\/p>\n\n\n\n<p><strong>Ansgar Wucherpfennig <\/strong><\/p>\n\n\n\n<p><strong>23. Januar 2025<\/strong><\/p>\n\n\n\n<div class=\"wp-block-media-text is-stacked-on-mobile is-image-fill-element\" style=\"grid-template-columns:34% auto\"><figure class=\"wp-block-media-text__media\"><img decoding=\"async\" width=\"1024\" height=\"576\" src=\"https:\/\/www.meddimueller.de\/wp-content\/uploads\/2025\/01\/kirche-mann-jpg-100-1920x1080-1-1024x576.jpg\" alt=\"\" class=\"wp-image-7810 size-full\" style=\"object-position:50% 50%\" srcset=\"https:\/\/www.meddimueller.de\/wp-content\/uploads\/2025\/01\/kirche-mann-jpg-100-1920x1080-1-1024x576.jpg 1024w, https:\/\/www.meddimueller.de\/wp-content\/uploads\/2025\/01\/kirche-mann-jpg-100-1920x1080-1-300x169.jpg 300w, https:\/\/www.meddimueller.de\/wp-content\/uploads\/2025\/01\/kirche-mann-jpg-100-1920x1080-1-768x432.jpg 768w, https:\/\/www.meddimueller.de\/wp-content\/uploads\/2025\/01\/kirche-mann-jpg-100-1920x1080-1-1536x864.jpg 1536w, https:\/\/www.meddimueller.de\/wp-content\/uploads\/2025\/01\/kirche-mann-jpg-100-1920x1080-1-1240x698.jpg 1240w, https:\/\/www.meddimueller.de\/wp-content\/uploads\/2025\/01\/kirche-mann-jpg-100-1920x1080-1-508x286.jpg 508w, https:\/\/www.meddimueller.de\/wp-content\/uploads\/2025\/01\/kirche-mann-jpg-100-1920x1080-1-600x338.jpg 600w, https:\/\/www.meddimueller.de\/wp-content\/uploads\/2025\/01\/kirche-mann-jpg-100-1920x1080-1.jpg 1920w\" sizes=\"(max-width: 1024px) 100vw, 1024px\" \/><\/figure><div class=\"wp-block-media-text__content\">\n<p>In Bibel und Kirche geht es um m\u00e4chtige und machtvolle Worte. Beide geh\u00f6ren zu Ansgar Wucherpfennigs Leben und Beruf. Dar\u00fcber hinaus ist er als ehemaliger Rektor der PTH St. Georgen (2014-<\/p>\n\n\n\n<p>2020) auch jemand, der weit \u00fcber die Grenzen der katholischen Gl\u00e4u- bigen geh\u00f6rt wird. Wenn er sich etwa zur Segnung gleichgeschlecht- licher Paare \u00e4u\u00dfert \u2013 und dabei Gegenwind von Rom erfahren hat.<\/p>\n<\/div><\/div>\n\n\n\n<p>Wie geht er mit dieser Macht um?, wollen wir von ihm wissen. Was macht es mit ihm? Und wie erlebt er die Wirksamkeit seines Wortes wenn es um Sexualmoral, Abbau der Gewaltenteilung und solche grundlegenden Positionen der katholischen Kirche geht.<\/p>\n\n\n\n<hr class=\"wp-block-separator has-alpha-channel-opacity\"\/>\n\n\n\n<div class=\"wp-block-media-text is-stacked-on-mobile is-image-fill-element\" style=\"grid-template-columns:28% auto\"><figure class=\"wp-block-media-text__media\"><img decoding=\"async\" width=\"1024\" height=\"576\" src=\"https:\/\/www.meddimueller.de\/wp-content\/uploads\/2025\/01\/uwe_becker-1024x576.jpg\" alt=\"\" class=\"wp-image-7823 size-full\" style=\"object-position:73% 31%\" srcset=\"https:\/\/www.meddimueller.de\/wp-content\/uploads\/2025\/01\/uwe_becker-1024x576.jpg 1024w, https:\/\/www.meddimueller.de\/wp-content\/uploads\/2025\/01\/uwe_becker-300x169.jpg 300w, https:\/\/www.meddimueller.de\/wp-content\/uploads\/2025\/01\/uwe_becker-768x432.jpg 768w, https:\/\/www.meddimueller.de\/wp-content\/uploads\/2025\/01\/uwe_becker-508x286.jpg 508w, https:\/\/www.meddimueller.de\/wp-content\/uploads\/2025\/01\/uwe_becker-600x338.jpg 600w, https:\/\/www.meddimueller.de\/wp-content\/uploads\/2025\/01\/uwe_becker.jpg 1200w\" sizes=\"(max-width: 1024px) 100vw, 1024px\" \/><\/figure><div class=\"wp-block-media-text__content\">\n<p><strong>Uwe Becker<\/strong><\/p>\n\n\n\n<p><strong>24. M\u00e4rz 2025<\/strong><\/p>\n\n\n\n<p>Nicht nur als Politiker ist das Wort von Uwe Becker von besonderem Gewicht. Er ist \u00fcber seine Auf- gaben als Staatssekret\u00e4r im Hessischen Finanz- ministerium hinaus seit 2019 auch Beauftragter der<\/p>\n\n\n\n<p>Hessischen Landesregierung f\u00fcr j\u00fcdisches Leben und den Kampf gegen Antisemitismus (Antisemitismusbeauftragter).<\/p>\n\n\n\n<p>Ein Amt, in dem es oft um Nuancen geht. Darum, jedes Wort auf die Goldwaage zu legen. Genau hin- und zuzuh\u00f6ren. Und abzusch\u00e4tzen, welchen Schaden Worte anrichten k\u00f6nnen. Wir wollen von Uwe Becker wissen, ob dieses Amt seinen Umgang mit der Macht der Worte ver\u00e4ndert hat. Gibt es etwas, das er in diesem Amt gelernt hat und weiter geben m\u00f6chte?<\/p>\n\n\n\n<hr class=\"wp-block-separator has-alpha-channel-opacity\"\/>\n\n\n\n<p><\/p>\n<\/div><\/div>\n\n\n\n<div class=\"wp-block-media-text is-stacked-on-mobile is-image-fill-element\" style=\"grid-template-columns:41% auto\"><figure class=\"wp-block-media-text__media\"><img loading=\"lazy\" decoding=\"async\" width=\"1024\" height=\"683\" src=\"https:\/\/www.meddimueller.de\/wp-content\/uploads\/2025\/01\/Pressefoto-1-1024x683.jpg\" alt=\"\" class=\"wp-image-7816 size-full\" style=\"object-position:36% 29%\" srcset=\"https:\/\/www.meddimueller.de\/wp-content\/uploads\/2025\/01\/Pressefoto-1-1024x683.jpg 1024w, https:\/\/www.meddimueller.de\/wp-content\/uploads\/2025\/01\/Pressefoto-1-300x200.jpg 300w, https:\/\/www.meddimueller.de\/wp-content\/uploads\/2025\/01\/Pressefoto-1-768x512.jpg 768w, https:\/\/www.meddimueller.de\/wp-content\/uploads\/2025\/01\/Pressefoto-1-1536x1024.jpg 1536w, https:\/\/www.meddimueller.de\/wp-content\/uploads\/2025\/01\/Pressefoto-1-2048x1365.jpg 2048w, https:\/\/www.meddimueller.de\/wp-content\/uploads\/2025\/01\/Pressefoto-1-1240x827.jpg 1240w, https:\/\/www.meddimueller.de\/wp-content\/uploads\/2025\/01\/Pressefoto-1-508x339.jpg 508w, https:\/\/www.meddimueller.de\/wp-content\/uploads\/2025\/01\/Pressefoto-1-600x400.jpg 600w\" sizes=\"(max-width: 1024px) 100vw, 1024px\" \/><\/figure><div class=\"wp-block-media-text__content\">\n<p><strong>Janine Wissler<\/strong><\/p>\n\n\n\n<p><strong>28. April 2025<\/strong><\/p>\n\n\n\n<p>In der Politik hat das gesprochene Wort gro\u00dfes Gewicht. Es ist aber auch wichtig, sein Wort zu halten und so manches Ehren- wort war am Ende dann doch keines. In der<\/p>\n\n\n\n<p>Politik muss man sich mit Argumenten durchsetzen und seine Visionen in Worte packen. Die Art der Kommunikation ist hier entscheidend, denn ein einziges falsches oder falsch verstan- denes Wort kann die Debatte in eine v\u00f6llig andere Richtung und zu einem komplett anderen Ergebnis f\u00fchren.<\/p>\n<\/div><\/div>\n\n\n\n<p>Janine Wissler kennt als Bundestagsabgeordnete die Fall- stricke des gesprochenen Wortes nur zu gut. Sie ist in ihrer Partei \u201eDie Linke\u201c in einer Spitzenposition. Von 2012 bis 2024 war sie sogar deren Co-Vorsitzende. Wir wollen mir ihr \u00fcber die Macht der Worte in der Politik, \u00fcber den gezielten Ein- satz von Narrativen in der heutigen Gesellschaft, die Durch- setzung der eigenen Visionen und die Wirkung von Reden im \u00f6ffentlichen Raum sprechen.<\/p>\n\n\n\n<p class=\"has-white-color has-accent-background-color has-text-color has-background has-link-color wp-elements-fa9e455d03fc97f95b9c10656eeccdb2\">\u00c4ltere Ausgaben:<\/p>\n\n\n\n<p><strong>26. Januar 2024 um 19:30 Uhr mit Henni Nachtsheim<\/strong><\/p>\n\n\n\n<div class=\"wp-block-media-text is-stacked-on-mobile is-image-fill-element\"><figure class=\"wp-block-media-text__media\"><img loading=\"lazy\" decoding=\"async\" width=\"1024\" height=\"682\" src=\"https:\/\/www.meddimueller.de\/wp-content\/uploads\/2024\/01\/Henni-live-1024x682.png\" alt=\"\" class=\"wp-image-7509 size-full\" style=\"object-position:50% 50%\" srcset=\"https:\/\/www.meddimueller.de\/wp-content\/uploads\/2024\/01\/Henni-live-1024x682.png 1024w, https:\/\/www.meddimueller.de\/wp-content\/uploads\/2024\/01\/Henni-live-300x200.png 300w, https:\/\/www.meddimueller.de\/wp-content\/uploads\/2024\/01\/Henni-live-768x512.png 768w, https:\/\/www.meddimueller.de\/wp-content\/uploads\/2024\/01\/Henni-live-345x230.png 345w, https:\/\/www.meddimueller.de\/wp-content\/uploads\/2024\/01\/Henni-live-600x400.png 600w, https:\/\/www.meddimueller.de\/wp-content\/uploads\/2024\/01\/Henni-live.png 1280w\" sizes=\"(max-width: 1024px) 100vw, 1024px\" \/><\/figure><div class=\"wp-block-media-text__content\">\n<p>Henni Nachtsheim geh\u00f6rt zur Elite der deutschen Comedy-Szene. Seit den 1990er Jahren ist das Gr\u00fcndungsmitglied der \u201eRodgau Monotones\u201c gemeinsam mit Gerd Knebel als \u201eBadesalz\u201c auf deutschen B\u00fch-nen unterwegs und bringt die Leute zum Lachen. Was genau ist witzig und wie ver\u00e4ndert sich Comedy im Laufe der Jahre? \u00dcber all das und wie man eine Hymne f\u00fcr ein ganzes Bundesland schreibt, reden wir mit Henni Nachtsheim.<\/p>\n\n\n\n<p class=\"has-white-color has-black-background-color has-text-color has-background has-link-color wp-elements-3515a9591ce0dd1b85765972ee171f9a\">Termin verpasst? Kein Problem. Hier k\u00f6nnt Ihr Euch die Folge anschauen: <br><a href=\"https:\/\/www.meddimueller.de\/?page_id=7558\">MDW vom 26.2.24 mit Henni Nachtsheim<\/a><\/p>\n<\/div><\/div>\n\n\n\n<hr class=\"wp-block-separator has-alpha-channel-opacity\"\/>\n\n\n\n<p><strong>Internationale Spannung<\/strong><\/p>\n\n\n\n<p><strong>8. M\u00e4rz 2024 um 19:30 Uhr mit Ivan Leon Menger<\/strong><\/p>\n\n\n\n<div class=\"wp-block-media-text is-stacked-on-mobile is-image-fill-element\" style=\"grid-template-columns:37% auto\"><figure class=\"wp-block-media-text__media\"><img loading=\"lazy\" decoding=\"async\" width=\"683\" height=\"1024\" src=\"https:\/\/www.meddimueller.de\/wp-content\/uploads\/2024\/01\/ivar-683x1024.jpeg\" alt=\"\" class=\"wp-image-7510 size-full\" style=\"object-position:51% 33%\" srcset=\"https:\/\/www.meddimueller.de\/wp-content\/uploads\/2024\/01\/ivar-683x1024.jpeg 683w, https:\/\/www.meddimueller.de\/wp-content\/uploads\/2024\/01\/ivar-200x300.jpeg 200w, https:\/\/www.meddimueller.de\/wp-content\/uploads\/2024\/01\/ivar-768x1152.jpeg 768w, https:\/\/www.meddimueller.de\/wp-content\/uploads\/2024\/01\/ivar-1024x1536.jpeg 1024w, https:\/\/www.meddimueller.de\/wp-content\/uploads\/2024\/01\/ivar-1365x2048.jpeg 1365w, https:\/\/www.meddimueller.de\/wp-content\/uploads\/2024\/01\/ivar-153x230.jpeg 153w, https:\/\/www.meddimueller.de\/wp-content\/uploads\/2024\/01\/ivar-600x900.jpeg 600w, https:\/\/www.meddimueller.de\/wp-content\/uploads\/2024\/01\/ivar-scaled.jpeg 1707w\" sizes=\"(max-width: 683px) 100vw, 683px\" \/><\/figure><div class=\"wp-block-media-text__content\">\n<p>Ivan Leon Menger ist ein Bestsellerautor, der mit seinen Thrillern Spannung in die K\u00f6pfe der Menschen schreibt. Sein H\u00f6rspiel \u201eMonster 1983\u201c erreichte Platin-Status. Er schrieb mehrere Folgen f\u00fcr die \u201e???\u201c. F\u00fcr seine Projekte arbeitete er mit den Gr\u00f6\u00dfen der deutschen Synchronsprecherszene zusammen. Seine Romane sind in mehreren Sprachen erschienen. Wie man Spannung mit Worten produziert, verr\u00e4t er uns. Und auch, wie man Menschen mit Worten an die Kopfh\u00f6rer fesselt.<\/p>\n\n\n\n<p>Termin verpasst? Kein Problem. Hier k\u00f6nnt Ihr Euch die Folge anschauen: <\/p>\n\n\n\n<p class=\"has-white-color has-black-background-color has-text-color has-background has-link-color wp-elements-7a40e66459249b277613e5a6d0c4aca5\"><a href=\"https:\/\/www.youtube.com\/live\/ycnMC_EbxFA?si=z1cql-Sg8tlXKJXC\" data-type=\"link\" data-id=\"https:\/\/www.youtube.com\/live\/ycnMC_EbxFA?si=z1cql-Sg8tlXKJXC\" target=\"_blank\" rel=\"noreferrer noopener\">MDW vom 8.M\u00e4rz 2024 mit Ivar Leon Menger<\/a><\/p>\n<\/div><\/div>\n\n\n\n<hr class=\"wp-block-separator has-alpha-channel-opacity\"\/>\n\n\n\n<p><strong>Theater, das bewegt<\/strong><\/p>\n\n\n\n<p><strong>15. Mai 2024 um 19:30 Uhr mit Willy Praml<\/strong><\/p>\n\n\n\n<div class=\"wp-block-media-text is-stacked-on-mobile is-image-fill-element\" style=\"grid-template-columns:53% auto\"><figure class=\"wp-block-media-text__media\"><img loading=\"lazy\" decoding=\"async\" width=\"1024\" height=\"576\" src=\"https:\/\/www.meddimueller.de\/wp-content\/uploads\/2025\/01\/das-geld-die-stadt-und-der-tod-1024x576.jpg\" alt=\"\" class=\"wp-image-7825 size-full\" style=\"object-position:76% 48%\" srcset=\"https:\/\/www.meddimueller.de\/wp-content\/uploads\/2025\/01\/das-geld-die-stadt-und-der-tod-1024x576.jpg 1024w, https:\/\/www.meddimueller.de\/wp-content\/uploads\/2025\/01\/das-geld-die-stadt-und-der-tod-300x169.jpg 300w, https:\/\/www.meddimueller.de\/wp-content\/uploads\/2025\/01\/das-geld-die-stadt-und-der-tod-768x432.jpg 768w, https:\/\/www.meddimueller.de\/wp-content\/uploads\/2025\/01\/das-geld-die-stadt-und-der-tod-508x286.jpg 508w, https:\/\/www.meddimueller.de\/wp-content\/uploads\/2025\/01\/das-geld-die-stadt-und-der-tod-600x338.jpg 600w, https:\/\/www.meddimueller.de\/wp-content\/uploads\/2025\/01\/das-geld-die-stadt-und-der-tod.jpg 1240w\" sizes=\"(max-width: 1024px) 100vw, 1024px\" \/><\/figure><div class=\"wp-block-media-text__content\">\n<p>Sohn eines Metzgermeisters, geboren mit einer unverbr\u00fcchlichen Liebe zum Theater, ist Willy Praml aus der Frankfurter Theaterszene nicht wegzudenken. Praml, macht Theater in der ganzen Stadt sichtbar. \u201eDen Rabbi von Baccherach\u201c f\u00fchrte er zum Teil auf einer vielbefahre- nen Kreuzung in der Innenstadt auf. Seit 2000 ist er mit seinem Thea- ter in der Naxoshalle zuhause. Seine Arbeit zeichnet sich durch gro\u00dfe, raumgreifende Inszenierungen aus, die die \u00e4sthetischen M\u00f6glichkeiten und den \u201eindustriekathedralen\u201c Charakter der Naxoshalle sowie auch des \u00f6ffentlichen Raums nutzen. Was l\u00e4sst ihn an die Macht der Worte im Theater glauben, wollen wir von ihm wissen. Wie setzt er sie ein? Woher nimmt er diese Leidenschaft?<\/p>\n\n\n\n<p class=\"has-white-color has-black-background-color has-text-color has-background has-link-color wp-elements-bf753d628fa7ac48e30fe7c67ba4a47e\"><a href=\"https:\/\/www.youtube.com\/live\/49P4BTjiuys?si=-e7FE-3Fkq-jq8Nk\" target=\"_blank\" rel=\"noreferrer noopener\">MDW vom 4.12.204 auf YouTube anschauen<\/a><\/p>\n<\/div><\/div>\n\n\n\n<p><\/p>\n","protected":false},"excerpt":{"rendered":"<p>NICHTS IST ST\u00c4RKER ALS DAS WORT. Es kann Komplimente verteilen, beleidigen, Freundschaften schlie\u00dfen und auch wieder zerst\u00f6ren, Ehen schlie\u00dfen, Welten ver\u00e4ndern, Soldaten zur Treue verpflichten oder einfach nur sehr viel Freude spenden. Worte k\u00f6nnen t\u00f6ten (etwa bei einem Todesurteil im Gericht, oder einer Falschaussage, die zum Todesurteil f\u00fchrt) und sie k\u00f6nnen heilen (Therapie). Sie k\u00f6nnen Kriege ausl\u00f6sen oder be- enden. [&hellip;]<\/p>\n","protected":false},"author":1,"featured_media":0,"parent":0,"menu_order":0,"comment_status":"closed","ping_status":"closed","template":"","meta":{"saved_in_kubio":false,"_monsterinsights_skip_tracking":false,"_monsterinsights_sitenote_active":false,"_monsterinsights_sitenote_note":"","_monsterinsights_sitenote_category":0,"footnotes":""},"class_list":["post-7500","page","type-page","status-publish","hentry"],"aioseo_notices":[],"kubio_ai_page_context":{"short_desc":"","purpose":"general"},"_links":{"self":[{"href":"https:\/\/www.meddimueller.de\/index.php?rest_route=\/wp\/v2\/pages\/7500","targetHints":{"allow":["GET"]}}],"collection":[{"href":"https:\/\/www.meddimueller.de\/index.php?rest_route=\/wp\/v2\/pages"}],"about":[{"href":"https:\/\/www.meddimueller.de\/index.php?rest_route=\/wp\/v2\/types\/page"}],"author":[{"embeddable":true,"href":"https:\/\/www.meddimueller.de\/index.php?rest_route=\/wp\/v2\/users\/1"}],"replies":[{"embeddable":true,"href":"https:\/\/www.meddimueller.de\/index.php?rest_route=%2Fwp%2Fv2%2Fcomments&post=7500"}],"version-history":[{"count":20,"href":"https:\/\/www.meddimueller.de\/index.php?rest_route=\/wp\/v2\/pages\/7500\/revisions"}],"predecessor-version":[{"id":7828,"href":"https:\/\/www.meddimueller.de\/index.php?rest_route=\/wp\/v2\/pages\/7500\/revisions\/7828"}],"wp:attachment":[{"href":"https:\/\/www.meddimueller.de\/index.php?rest_route=%2Fwp%2Fv2%2Fmedia&parent=7500"}],"curies":[{"name":"wp","href":"https:\/\/api.w.org\/{rel}","templated":true}]}}