{"id":7229,"date":"2023-11-12T13:25:51","date_gmt":"2023-11-12T13:25:51","guid":{"rendered":"https:\/\/www.meddimueller.de\/?page_id=7229"},"modified":"2025-10-18T12:11:37","modified_gmt":"2025-10-18T12:11:37","slug":"meine-buecher","status":"publish","type":"page","link":"https:\/\/www.meddimueller.de\/?page_id=7229","title":{"rendered":"Meddis B\u00fccherladen"},"content":{"rendered":"<div class=\"wp-block-image is-style-rounded\">\n<figure class=\"aligncenter size-full is-resized\"><img fetchpriority=\"high\" decoding=\"async\" width=\"600\" height=\"800\" src=\"https:\/\/www.meddimueller.de\/wp-content\/uploads\/2023\/11\/IMG_2720-600x800-1.jpeg\" alt=\"\" class=\"wp-image-7349\" style=\"width:179px;height:auto\" srcset=\"https:\/\/www.meddimueller.de\/wp-content\/uploads\/2023\/11\/IMG_2720-600x800-1.jpeg 600w, https:\/\/www.meddimueller.de\/wp-content\/uploads\/2023\/11\/IMG_2720-600x800-1-225x300.jpeg 225w, https:\/\/www.meddimueller.de\/wp-content\/uploads\/2023\/11\/IMG_2720-600x800-1-173x230.jpeg 173w\" sizes=\"(max-width: 600px) 100vw, 600px\" \/><\/figure>\n<\/div>\n\n\n<p class=\"has-white-color has-accent-background-color has-text-color has-background has-link-color wp-elements-de8bd6bf9db09364d4d4a0a48eb9a0e4\"><a href=\"https:\/\/meddi-mueller.sumupstore.com\/\" target=\"_blank\" rel=\"noopener\" title=\"\">Wenn Sie diesem Link folgen<\/a>, k\u00f6nnen Sie signierte B\u00fccher bei mir pers\u00f6nlich bestellen. Damit unterst\u00fctzen Sie mich am allerbesten. <br><br>IN DIESEM SHOP VERKAUFE ICH NUR DIE B\u00dcCHER, DIE ICH NOCH AUF LAGER HABE. <br><br>Alle meine anderen, meistens die \u00e4lteren B\u00fccher, bekommen Sie im Handel auf Bestellung.<\/p>\n\n\n\n<p class=\"has-white-color has-accent-background-color has-text-color has-background has-link-color wp-elements-a2821c2e3a145d3aeaff311eded140c4\">Einige meiner \u00e4lteren Werke gibt es noch als E-Book bei mir zu kaufen. <br><a href=\"https:\/\/www.meddimueller.de\/?page_id=7254\" title=\"\">Folgen Sie daf\u00fcr f\u00fcr diesem Link!<\/a><\/p>\n\n\n\n<p><\/p>\n\n\n\n<hr class=\"wp-block-separator has-alpha-channel-opacity\"\/>\n\n\n\n<p><br><\/p>\n","protected":false},"excerpt":{"rendered":"<p>Wenn Sie diesem Link folgen, k\u00f6nnen Sie signierte B\u00fccher bei mir pers\u00f6nlich bestellen. Damit unterst\u00fctzen Sie mich am allerbesten. IN DIESEM SHOP VERKAUFE ICH NUR DIE B\u00dcCHER, DIE ICH NOCH AUF LAGER HABE. Alle meine anderen, meistens die \u00e4lteren B\u00fccher, bekommen Sie im Handel auf Bestellung. Einige meiner \u00e4lteren Werke gibt es noch als E-Book bei mir zu kaufen. Folgen [&hellip;]<\/p>\n","protected":false},"author":1,"featured_media":0,"parent":0,"menu_order":0,"comment_status":"closed","ping_status":"closed","template":"","meta":{"saved_in_kubio":false,"_monsterinsights_skip_tracking":false,"_monsterinsights_sitenote_active":false,"_monsterinsights_sitenote_note":"","_monsterinsights_sitenote_category":0,"footnotes":""},"class_list":["post-7229","page","type-page","status-publish","hentry"],"aioseo_notices":[],"kubio_ai_page_context":{"short_desc":"","purpose":"general"},"_links":{"self":[{"href":"https:\/\/www.meddimueller.de\/index.php?rest_route=\/wp\/v2\/pages\/7229","targetHints":{"allow":["GET"]}}],"collection":[{"href":"https:\/\/www.meddimueller.de\/index.php?rest_route=\/wp\/v2\/pages"}],"about":[{"href":"https:\/\/www.meddimueller.de\/index.php?rest_route=\/wp\/v2\/types\/page"}],"author":[{"embeddable":true,"href":"https:\/\/www.meddimueller.de\/index.php?rest_route=\/wp\/v2\/users\/1"}],"replies":[{"embeddable":true,"href":"https:\/\/www.meddimueller.de\/index.php?rest_route=%2Fwp%2Fv2%2Fcomments&post=7229"}],"version-history":[{"count":32,"href":"https:\/\/www.meddimueller.de\/index.php?rest_route=\/wp\/v2\/pages\/7229\/revisions"}],"predecessor-version":[{"id":7925,"href":"https:\/\/www.meddimueller.de\/index.php?rest_route=\/wp\/v2\/pages\/7229\/revisions\/7925"}],"wp:attachment":[{"href":"https:\/\/www.meddimueller.de\/index.php?rest_route=%2Fwp%2Fv2%2Fmedia&parent=7229"}],"curies":[{"name":"wp","href":"https:\/\/api.w.org\/{rel}","templated":true}]}}