{"id":5317,"date":"2017-03-21T20:35:50","date_gmt":"2017-03-21T20:35:50","guid":{"rendered":"http:\/\/meddimueller.de\/?page_id=5317"},"modified":"2025-11-10T11:35:05","modified_gmt":"2025-11-10T11:35:05","slug":"biografie","status":"publish","type":"page","link":"https:\/\/www.meddimueller.de\/?page_id=5317","title":{"rendered":"Das bin ich &#8230;"},"content":{"rendered":"\n<div class=\"wp-block-cover aligncenter is-light has-custom-content-position is-position-bottom-center\"><img fetchpriority=\"high\" decoding=\"async\" width=\"768\" height=\"1024\" class=\"wp-block-cover__image-background wp-image-6689\" alt=\"\" src=\"http:\/\/meddimueller.de\/wp-content\/uploads\/2022\/04\/IMG_2720-768x1024.jpeg\" data-object-fit=\"cover\" srcset=\"https:\/\/www.meddimueller.de\/wp-content\/uploads\/2022\/04\/IMG_2720-768x1024.jpeg 768w, https:\/\/www.meddimueller.de\/wp-content\/uploads\/2022\/04\/IMG_2720-225x300.jpeg 225w, https:\/\/www.meddimueller.de\/wp-content\/uploads\/2022\/04\/IMG_2720-1152x1536.jpeg 1152w, https:\/\/www.meddimueller.de\/wp-content\/uploads\/2022\/04\/IMG_2720-1536x2048.jpeg 1536w, https:\/\/www.meddimueller.de\/wp-content\/uploads\/2022\/04\/IMG_2720-1140x1520.jpeg 1140w, https:\/\/www.meddimueller.de\/wp-content\/uploads\/2022\/04\/IMG_2720-600x800.jpeg 600w, https:\/\/www.meddimueller.de\/wp-content\/uploads\/2022\/04\/IMG_2720-scaled.jpeg 1920w\" sizes=\"(max-width: 768px) 100vw, 768px\" \/><span aria-hidden=\"true\" class=\"wp-block-cover__background has-background-dim\"><\/span><div class=\"wp-block-cover__inner-container is-layout-flow wp-block-cover-is-layout-flow\">\n<p class=\"has-large-font-size\"><\/p>\n<\/div><\/div>\n\n\n\n<p class=\"has-white-color has-text-color has-background has-link-color wp-elements-2a40579d0d4756bff77f04dd8edc0743\" style=\"background-color:#4c4a35\">Geboren 1970 in Frankfurt am Main als Mathias M\u00fcller. \u201eMeddi\u201c ist ein Spitzname aus Kindergartenzeiten, den fast alle au\u00dfer seiner Mutter heute benutzen. Ein Frankfurter Bub, der sein Leben im d\u00f6rflichen Norden der Stadt verbracht hat und wo er heute noch lebt. Er ist verheiratet und hat zwei S\u00f6hne. Seit 1995 verdient er seinen Lebensunterhalt als Feuerwehrmann bei der Berufsfeuerwehr Frankfurt.<\/p>\n\n\n\n<p class=\"has-white-color has-text-color has-background has-link-color wp-elements-7f2f89b2b2490aadb8cfe525baf48fcf\" style=\"background-color:#4c4a35\">Ende der 1990er Jahre hat er mit dem Schreiben angefangen, nachdem er bemerkte, dass er seine eigene Sprache fast verlernt hatte. Im Jahr 2000 kam ihm dann Arthur, der fahrende H\u00e4ndler aus dem 17. Jahrhundert, in den Sinn. Er schrieb seine Geschichte auf. Nachzulesen im Roman \u201eDer Gew\u00fcrzh\u00e4ndler zu Frankfurt\u201c der im Mai 2008 im R\u00f6schen Verlag erschienen ist. Im Mai 2009 ver\u00f6ffentlichte M\u00fcller seinen zweiten historischen Roman \u201e<a href=\"https:\/\/www.amazon.de\/T%C3%BCrmer-Meddi-M%C3%BCller\/dp\/3940908045\" target=\"_blank\" rel=\"noopener noreferrer\">Der T\u00fcrmer<\/a>\u201c ebenfalls im R\u00f6schen Verlag. Beide B\u00fccher sind derzeit nur noch antiquarisch oder als <a href=\"https:\/\/www.meddimueller.de\/?product=der-gewuerzhaendler-zu-frankfurt-pdf\" target=\"_blank\" rel=\"noreferrer noopener\">E-Book im Shop<\/a> verf\u00fcgbar.<\/p>\n\n\n\n<p class=\"has-white-color has-text-color has-background has-link-color wp-elements-9dbdc2dcffa0c90a5e321471b00a9d08\" style=\"background-color:#4c4a35\">Im Herbst 2012 erschien die Fortsetzung des T\u00fcrmers mit dem Titel \u201e<a rel=\"noopener noreferrer\" href=\"https:\/\/www.charlesverlag.de\/buecher\/glanzgold\/\" target=\"_blank\">Glanzgold<\/a>\u201c zun\u00e4chst im Naumann Verlag (jetzt im Charles Verlag) und seit November 2013 ist der dritte Fall des T\u00fcrmers im Roman \u201e<a rel=\"noopener noreferrer\" href=\"https:\/\/www.amazon.de\/Unter-Verdacht-Frankfurt-Krimi-Meddi-M%C3%BCller\/dp\/3943206181\/ref=pd_lpo_sbs_14_img_0?_encoding=UTF8&amp;psc=1&amp;refRID=HJB74VTEBBF9XJCZYBT3\" target=\"_blank\">Unter Verdacht\u201c<\/a> ebenfalls im M. Naumann Verlag ver\u00f6ffentlicht. Ende 2014 erschien der vierte Fall des T\u00fcrmers mit dem Titel \u201e<a rel=\"noopener noreferrer\" href=\"https:\/\/www.charlesverlag.de\/buecher\/im-schatten-der-schwester\/\" target=\"_blank\">Im Schatten der Schwester<\/a>\u201c als erstes Buch im von M\u00fcller selbst gegr\u00fcndeten <a href=\"https:\/\/www.charles-verlag.de\" data-type=\"URL\" data-id=\"https:\/\/www.charles-verlag.de\">Charles Verlag.<\/a> Im Jahr 2015 wurde dann der f\u00fcnfte Fall des T\u00fcrmers \u201e<a rel=\"noopener noreferrer\" href=\"https:\/\/www.charlesverlag.de\/buecher\/frankfurt-muss-brennen\/\" target=\"_blank\">Frankfurt muss brennen<\/a>\u201c fortgesetzt.<\/p>\n\n\n\n<div class=\"wp-block-group is-layout-constrained wp-block-group-is-layout-constrained\">\n<p class=\"has-white-color has-text-color has-background has-link-color wp-elements-e4b677b7bfb1b704cb42c480b7c5d2b6\" style=\"background-color:#4c4a35\">M\u00fcllers siebter abendf\u00fcllender Roman ist im Herbst 2016 im <strong>Charles Verlag<\/strong> erschienen und hat den Titel &#8222;<a rel=\"noopener noreferrer\" href=\"https:\/\/www.charlesverlag.de\/buecher\/der-falsche-fuerst\/\" target=\"_blank\">Der falsche F\u00fcrst<\/a>&#8222;. Bei diesem Buch handelt es sich um einen historischen Gangsterroman.<\/p>\n\n\n\n<p class=\"has-white-color has-text-color has-background has-link-color wp-elements-c2e1e70b07f405577a00a4527e945800\" style=\"background-color:#4c4a35\">Im Fr\u00fchjahr 2018 erschien mit &#8222;<a href=\"https:\/\/www.charlesverlag.de\/buecher\/mord-in-berkersheim\/\" target=\"_blank\" rel=\"noopener noreferrer\">Die Erben des T\u00fcrmers &#8211; Mord in Berkersheim<\/a>&#8220; der letzte Teil der T\u00fcrmerserie. In diesem Buch wird die Saga um den T\u00fcrmer 30 Jahre sp\u00e4ter fortgesetzt. In diesem Buch ermitteln die Nachkommen der Protagonisten aus den vorherigen T\u00fcrmer-B\u00fcchern.<\/p>\n\n\n\n<p class=\"has-white-color has-text-color has-background has-link-color wp-elements-4ae75a3c9dc7d18bfed1abeda0d91d69\" style=\"background-color:#4c4a35\">Insgesamt hat M\u00fcller bisher <strong>\u00fcber 20 .000 B\u00fccher <\/strong>verkaufen k\u00f6nnen und hat laut der &#8222;Wetterauer Zeitung&#8220; sogar <strong>Kultstatus<\/strong> erreicht.<\/p>\n\n\n\n<p class=\"has-white-color has-text-color has-background has-link-color wp-elements-23bcc4c43566e173e365bbb3f601695b\" style=\"background-color:#4c4a35\">Nicht minder erfolgreich war er als <strong>Verleger<\/strong>. Als Gr\u00fcnder und k\u00fcnstlerischer Leiter des <a href=\"http:\/\/www.charlesverlag.de\">CharlesVerlags<\/a> hat er es gemeinsam mit seinem Partner Marcel Dax geschafft, den <a rel=\"noopener noreferrer\" href=\"http:\/\/www.charlesverlag.de\" target=\"_blank\">CharlesVerlag<\/a> als Marke in der Region zu etablieren. Im <a rel=\"noopener noreferrer\" href=\"http:\/\/www.charlesverlag.de\" target=\"_blank\">CharlesVerlag<\/a> ver\u00f6ffentlichen bekannte Schriftsteller wie Daniel Holbe, Tim Fr\u00fchling, Henni Nachtsheim, Gerd Knebel, Nikola Hahn, Susanne Reichert,&nbsp; Sibylle Nicolai und viele weitere mehr. Seit Mai 2019 geh\u00f6rt der <a href=\"https:\/\/www.charles-verlag.de\" data-type=\"URL\" data-id=\"https:\/\/www.charles-verlag.de\">CharlesVerlag<\/a> als Imprint zur <a href=\"https:\/\/bedey-media.de\" data-type=\"URL\" data-id=\"https:\/\/bedey-media.de\">Bedey Thoms Media GmbH<\/a>.<\/p>\n\n\n\n<p class=\"has-white-color has-text-color has-background has-link-color wp-elements-1bb3ff32042fdbba2830e695ffc01617\" style=\"background-color:#4c4a35\">2019 startet M\u00fcller mit <strong>Grotte &amp; Shaft <\/strong>eine neue zeitgen\u00f6ssische Krimi-Serie rund um die beiden Frankfurter Ermittler Sabine Grotewohl (Grotte) und Christian K\u00f6hler (Shaft). Erschienen sind daraus die beiden B\u00fccher &#8222;Schweinebande&#8220; und &#8222;Fahrgemeinschaft&#8220;. 2022 wird der dritte Band mit dem Titel &#8222;Reiterhof&#8220;, wie auch die beiden anderen B\u00fccher in der <a href=\"https:\/\/www.edition-krimi.de\" data-type=\"URL\" data-id=\"https:\/\/www.edition-krimi.de\">Edition Krimi<\/a> ver\u00f6ffentlicht.  Alle B\u00fccher sind<a href=\"https:\/\/www.meddimueller.de\/?page_id=7229\"> im Shop<\/a> erh\u00e4ltlich,<\/p>\n\n\n\n<p class=\"has-white-color has-text-color has-background has-link-color wp-elements-f003c8133d19015357d32dcb93d420ed\" style=\"background-color:#4c4a35\">Im M\u00e4rz 2023 erscheint mit <a rel=\"noreferrer noopener\" href=\"https:\/\/www.meddimueller.de\/?product=und-ihr-denkt-es-ist-alles-in-ordnung\" target=\"_blank\">&#8222;Und Ihr denkt, es ist alles in Ordnung?&#8220;<\/a>, in dem er seine bisherigen 28 Jahre im Einsatz bei der <strong>Berufsfeuerwehr Frankfurt<\/strong> verarbeitet. Mittlerweile arbeitet er aus Alters- und Gesundheitsgr\u00fcnden in der Einsatzleitstelle der Feuerwehr Frankfurt am Main. <\/p>\n\n\n\n<p class=\"has-white-color has-text-color has-background has-link-color wp-elements-4d1cf800e49ad42671aa36c5ba06e4c4\" style=\"background-color:#4c4a35\">Von <strong>Mai 2016 bis M\u00e4rz 2020 <\/strong>war Meddi M\u00fcller mit seiner Sendung &#8222;<strong>Meddis N\u00e4hk\u00e4stchen&#8220;<\/strong> einmal monatlich im Radio zu h\u00f6ren. M\u00fcller interviewte bekannte und weniger bekannte Pers\u00f6nlichkeiten aus der Kunst- und Literaturszene des Rhein-Main Gebiets und brachte den H\u00f6rern die Stadtgeschichte ein wenig n\u00e4her.<\/p>\n\n\n\n<p class=\"has-white-color has-text-color has-background has-link-color wp-elements-395803b7a81261096835064983f993c7\" style=\"background-color:#4c4a35\">In seinem aktuellen Roman <a href=\"https:\/\/meddi-mueller.sumupstore.com\/produkt\/der-weg-nach-sevilla\" target=\"_blank\" rel=\"noopener\" title=\"\">&#8222;Der Weg nach Sevilla&#8220;<\/a> geht es um drei Freunde und Eintracht Frankfurt Fans, die sich mit einem altersschwachen VW-Bus ohne Eintrittskarten zum Europa-League-Finale ihres Lieblingsclubs nach Sevilla aufmachen und diverse Abenteuer zu bestehen haben. <\/p>\n\n\n\n<p class=\"has-white-color has-text-color has-background has-link-color wp-elements-c6779408733ef18ae05c4a6ffb9ed2a9\" style=\"background-color:#4c4a35\">Seit M\u00e4rz 2020 verlagerte er seine Sprechbeitr\u00e4ge in verschiedene <strong>Podcasts<\/strong>. Diese sind \u00fcberall verf\u00fcgbar. Derzeit aktiv sind: &#8222;Im Podcastsumpf&#8220;, &#8222;Die Verlags-WG&#8220;, &#8222;Buchgebabbel&#8220;, &#8222;Ein Viertelst\u00fcndchen Frankfurt&#8220; und &#8222;Der N\u00e4chste, bitte ..!&#8220; und der Podcast zum Buch &#8222;Und Ihr denkt, es ist alles in Ordnung&#8220;. <a href=\"https:\/\/www.meddimueller.de\/?page_id=6240\" target=\"_blank\" rel=\"noreferrer noopener\">Hier geht es zur \u00dcbersicht<\/a>.<\/p>\n\n\n\n<p class=\"has-white-color has-text-color has-background has-link-color wp-elements-7e7a1e562f9580da1fd71508b85aff16\" style=\"background-color:#4c4a35\">Von 2018 bis 2022 war er auch<strong> Teil der Kampagne <\/strong>beim Frankfurter <a href=\"http:\/\/www.laternche.de\"><strong>Carnevalsverein<\/strong> Laternche<\/a>, wo er mit innovativen Auftritten ein gro\u00dfes Publikum begeisterte. <\/p>\n\n\n\n<p class=\"has-white-color has-text-color has-background has-link-color wp-elements-753bd9d7b6b38ed80bae87256cfc7063\" style=\"background-color:#4c4a35\">M\u00fcller plant stetig neue innovative Kulturveranstaltungen. So ist er Co-Moderator einer Talk-Show \u00fcber die <strong><a href=\"https:\/\/www.meddimueller.de\/?page_id=7500\" target=\"_blank\" rel=\"noreferrer noopener\">Macht der Worte<\/a><\/strong>, die im Haus am Dom 6 x im Jahr  stattfindet. Gemeinsam mir der Philosophin Dr. Barbara Br\u00fcning diskutieren die beiden mit wechselnden G\u00e4sten \u00fcber die Macht der Worte. <\/p>\n\n\n\n<p class=\"has-white-color has-text-color has-background has-link-color wp-elements-c577412e1535f8d9f23f964bff6dfd89\" style=\"background-color:#4c4a35\">M\u00fcller ist Mitbegr\u00fcnder der experimentalen Literaturshow <strong><a href=\"https:\/\/dernaechstebitte.com\" data-type=\"URL\" data-id=\"https:\/\/dernaechstebitte.com\">&#8222;Der N\u00e4chste, bitte&#8220;<\/a><\/strong>, bei der zahlreiche Autor*innen aus dem Rhein-Main Gebiet in mehrere Staffeln eine Fortsetzungsgeschichte schrieben.<\/p>\n\n\n\n<p><\/p>\n\n\n\n<p class=\"has-white-color has-text-color has-background has-link-color wp-elements-8da324694bb59ed652e07ca9ccb50735\" style=\"background-color:#4c4a35\">M\u00fcller ist auf <strong>Instagram<\/strong> und <strong>Facebook<\/strong> aktiv!<\/p>\n<\/div>\n\n\n\n<ul class=\"wp-block-social-links is-style-default is-layout-flex wp-block-social-links-is-layout-flex\"><li class=\"wp-social-link wp-social-link-facebook  wp-block-social-link\"><a href=\"https:\/\/www.facebook.com\/meddi.muller\" class=\"wp-block-social-link-anchor\"><svg width=\"24\" height=\"24\" viewBox=\"0 0 24 24\" version=\"1.1\" xmlns=\"http:\/\/www.w3.org\/2000\/svg\" aria-hidden=\"true\" focusable=\"false\"><path d=\"M12 2C6.5 2 2 6.5 2 12c0 5 3.7 9.1 8.4 9.9v-7H7.9V12h2.5V9.8c0-2.5 1.5-3.9 3.8-3.9 1.1 0 2.2.2 2.2.2v2.5h-1.3c-1.2 0-1.6.8-1.6 1.6V12h2.8l-.4 2.9h-2.3v7C18.3 21.1 22 17 22 12c0-5.5-4.5-10-10-10z\"><\/path><\/svg><span class=\"wp-block-social-link-label screen-reader-text\">Facebook<\/span><\/a><\/li>\n\n<li class=\"wp-social-link wp-social-link-instagram  wp-block-social-link\"><a href=\"https:\/\/www.instagram.com\/meddi_muller\" class=\"wp-block-social-link-anchor\"><svg width=\"24\" height=\"24\" viewBox=\"0 0 24 24\" version=\"1.1\" xmlns=\"http:\/\/www.w3.org\/2000\/svg\" aria-hidden=\"true\" focusable=\"false\"><path d=\"M12,4.622c2.403,0,2.688,0.009,3.637,0.052c0.877,0.04,1.354,0.187,1.671,0.31c0.42,0.163,0.72,0.358,1.035,0.673 c0.315,0.315,0.51,0.615,0.673,1.035c0.123,0.317,0.27,0.794,0.31,1.671c0.043,0.949,0.052,1.234,0.052,3.637 s-0.009,2.688-0.052,3.637c-0.04,0.877-0.187,1.354-0.31,1.671c-0.163,0.42-0.358,0.72-0.673,1.035 c-0.315,0.315-0.615,0.51-1.035,0.673c-0.317,0.123-0.794,0.27-1.671,0.31c-0.949,0.043-1.233,0.052-3.637,0.052 s-2.688-0.009-3.637-0.052c-0.877-0.04-1.354-0.187-1.671-0.31c-0.42-0.163-0.72-0.358-1.035-0.673 c-0.315-0.315-0.51-0.615-0.673-1.035c-0.123-0.317-0.27-0.794-0.31-1.671C4.631,14.688,4.622,14.403,4.622,12 s0.009-2.688,0.052-3.637c0.04-0.877,0.187-1.354,0.31-1.671c0.163-0.42,0.358-0.72,0.673-1.035 c0.315-0.315,0.615-0.51,1.035-0.673c0.317-0.123,0.794-0.27,1.671-0.31C9.312,4.631,9.597,4.622,12,4.622 M12,3 C9.556,3,9.249,3.01,8.289,3.054C7.331,3.098,6.677,3.25,6.105,3.472C5.513,3.702,5.011,4.01,4.511,4.511 c-0.5,0.5-0.808,1.002-1.038,1.594C3.25,6.677,3.098,7.331,3.054,8.289C3.01,9.249,3,9.556,3,12c0,2.444,0.01,2.751,0.054,3.711 c0.044,0.958,0.196,1.612,0.418,2.185c0.23,0.592,0.538,1.094,1.038,1.594c0.5,0.5,1.002,0.808,1.594,1.038 c0.572,0.222,1.227,0.375,2.185,0.418C9.249,20.99,9.556,21,12,21s2.751-0.01,3.711-0.054c0.958-0.044,1.612-0.196,2.185-0.418 c0.592-0.23,1.094-0.538,1.594-1.038c0.5-0.5,0.808-1.002,1.038-1.594c0.222-0.572,0.375-1.227,0.418-2.185 C20.99,14.751,21,14.444,21,12s-0.01-2.751-0.054-3.711c-0.044-0.958-0.196-1.612-0.418-2.185c-0.23-0.592-0.538-1.094-1.038-1.594 c-0.5-0.5-1.002-0.808-1.594-1.038c-0.572-0.222-1.227-0.375-2.185-0.418C14.751,3.01,14.444,3,12,3L12,3z M12,7.378 c-2.552,0-4.622,2.069-4.622,4.622S9.448,16.622,12,16.622s4.622-2.069,4.622-4.622S14.552,7.378,12,7.378z M12,15 c-1.657,0-3-1.343-3-3s1.343-3,3-3s3,1.343,3,3S13.657,15,12,15z M16.804,6.116c-0.596,0-1.08,0.484-1.08,1.08 s0.484,1.08,1.08,1.08c0.596,0,1.08-0.484,1.08-1.08S17.401,6.116,16.804,6.116z\"><\/path><\/svg><span class=\"wp-block-social-link-label screen-reader-text\">Instagram<\/span><\/a><\/li><\/ul>\n\n\n\n<p><\/p>\n","protected":false},"excerpt":{"rendered":"<p>Geboren 1970 in Frankfurt am Main als Mathias M\u00fcller. \u201eMeddi\u201c ist ein Spitzname aus Kindergartenzeiten, den fast alle au\u00dfer seiner Mutter heute benutzen. Ein Frankfurter Bub, der sein Leben im d\u00f6rflichen Norden der Stadt verbracht hat und wo er heute noch lebt. Er ist verheiratet und hat zwei S\u00f6hne. Seit [&hellip;]<\/p>\n","protected":false},"author":1,"featured_media":0,"parent":0,"menu_order":0,"comment_status":"closed","ping_status":"closed","template":"","meta":{"saved_in_kubio":false,"_monsterinsights_skip_tracking":false,"_monsterinsights_sitenote_active":false,"_monsterinsights_sitenote_note":"","_monsterinsights_sitenote_category":0,"footnotes":""},"class_list":["post-5317","page","type-page","status-publish","hentry"],"aioseo_notices":[],"kubio_ai_page_context":{"short_desc":"","purpose":"general"},"_links":{"self":[{"href":"https:\/\/www.meddimueller.de\/index.php?rest_route=\/wp\/v2\/pages\/5317","targetHints":{"allow":["GET"]}}],"collection":[{"href":"https:\/\/www.meddimueller.de\/index.php?rest_route=\/wp\/v2\/pages"}],"about":[{"href":"https:\/\/www.meddimueller.de\/index.php?rest_route=\/wp\/v2\/types\/page"}],"author":[{"embeddable":true,"href":"https:\/\/www.meddimueller.de\/index.php?rest_route=\/wp\/v2\/users\/1"}],"replies":[{"embeddable":true,"href":"https:\/\/www.meddimueller.de\/index.php?rest_route=%2Fwp%2Fv2%2Fcomments&post=5317"}],"version-history":[{"count":32,"href":"https:\/\/www.meddimueller.de\/index.php?rest_route=\/wp\/v2\/pages\/5317\/revisions"}],"predecessor-version":[{"id":7939,"href":"https:\/\/www.meddimueller.de\/index.php?rest_route=\/wp\/v2\/pages\/5317\/revisions\/7939"}],"wp:attachment":[{"href":"https:\/\/www.meddimueller.de\/index.php?rest_route=%2Fwp%2Fv2%2Fmedia&parent=5317"}],"curies":[{"name":"wp","href":"https:\/\/api.w.org\/{rel}","templated":true}]}}